{"id":1193,"date":"2020-11-03T10:04:21","date_gmt":"2020-11-03T10:04:21","guid":{"rendered":"https:\/\/pre-datos.canarias.es\/portal\/?page_id=19"},"modified":"2025-07-02T09:42:03","modified_gmt":"2025-07-02T07:42:03","slug":"inicio","status":"publish","type":"page","link":"https:\/\/datos.canarias.es\/portal\/","title":{"rendered":"Inicio"},"content":{"rendered":"<section class=\"wpb-content-wrapper\"><!-- RS_MODULE_CODE_2.4.4 --><div id=\"readspeaker_button1193\" class=\"rs_skip rsbtn rs_preserve\"><a class=\"rsbtn_play\" title=\"Escucha esta p&aacute;gina utilizando ReadSpeaker\" accesskey=\"L\" href=\"\/\/app-eu.readspeaker.com\/cgi-bin\/rsent?customerid=7294&amp;lang=es_es&amp;readid=rspeak_read_1193&amp;url=https%3A%2F%2Fdatos.canarias.es%2Fportal%2Fwp-json%2Fwp%2Fv2%2Fpages%2F1193\">\r\n        <span class=\"rsbtn_left rsimg rspart\"><span class=\"rsbtn_text\"><span>Escuchar<\/span><\/span><\/span>\r\n        <span class=\"rsbtn_right rsimg rsplay rspart\"><\/span>\r\n        <\/a><\/div><div id=\"rspeak_read_1193\"><p>[vc_row full_width=&#8221;stretch_row&#8221; css=&#8221;.vc_custom_1608135583041{margin-bottom: 20px !important;padding-top: 90px !important;padding-bottom: 40px !important;background-color: #017fb0 !important;}&#8221;][vc_column width=&#8221;2\/3&#8243; css=&#8221;.vc_custom_1598261160885{padding-left: 0px !important;}&#8221;][vc_custom_heading text=&#8221;Datos Abiertos de Canarias&#8221; font_container=&#8221;tag:h1|text_align:left|color:%23ffffff&#8221; google_fonts=&#8221;font_family:Roboto%20Condensed%3A300%2C300italic%2Cregular%2Citalic%2C700%2C700italic|font_style:700%20bold%20regular%3A700%3Anormal&#8221; el_id=&#8221;home-h1&#8243;][vc_column_text el_class=&#8221;subtitulo-portada&#8221;]Punto de encuentro para la publicaci\u00f3n de datos del sector p\u00fablico canario en formatos abiertos, gratuitos y reutilizables[\/vc_column_text][vc_raw_html]JTNDZm9ybSUyMG1ldGhvZCUzRCUyMmdldCUyMiUyMGFjdGlvbiUzRCUyMmh0dHBzJTNBJTJGJTJGZGF0b3MuY2FuYXJpYXMuZXMlMkZjYXRhbG9nb3MlMkZnZW5lcmFsJTJGZGF0YXNldCUyMiUyMGNsYXNzJTNEJTIyaG9tZS1kYXRhLXNlYXJjaC1iYXIlMjIlMjAlM0UlMEElM0NpbnB1dCUyMHR5cGUlM0QlMjJ0ZXh0JTIyJTIwbmFtZSUzRCUyMnElMjIlMjBhcmlhLWxhYmVsJTNEJTIyQiVDMyVCQXNxdWVkYSUyMiUyMHBsYWNlaG9sZGVyJTNEJTIycGFybyUyQyUyMHR1cmlzbW8lMkMlMjBjc3YuLi4lMjIlM0UlMEElM0NpbnB1dCUyMHR5cGUlM0QlMjJzdWJtaXQlMjIlMjB2YWx1ZSUzRCUyMkJ1c2NhciUyMiUzRSUwQSUzQyUyRmZvcm0lM0U=[\/vc_raw_html][\/vc_column][vc_column width=&#8221;1\/3&#8243;][vc_row_inner el_class=&#8221;caja-datos-portada&#8221;][vc_column_inner][vc_single_image image=&#8221;72&#8243; img_size=&#8221;36&#215;36&#8243; alignment=&#8221;center&#8221; onclick=&#8221;custom_link&#8221; link=&#8221;https:\/\/datos.canarias.es\/catalogos\/general\/dataset&#8221; css=&#8221;.vc_custom_1692615856856{padding-top: 20px !important;padding-bottom: 20px !important;}&#8221;][vc_column_text]<\/p>\n<p style=\"text-align: center;\"><strong><a id=\"datasets-ckan\" class=\"link-caja-portada\" href=\"https:\/\/datos.canarias.es\/catalogos\/general\/dataset\">Cargando conjuntos de datos&#8230;<\/a><\/strong><\/p>\n<p>[\/vc_column_text][\/vc_column_inner][\/vc_row_inner][vc_row_inner el_class=&#8221;caja-datos-portada&#8221;][vc_column_inner][vc_single_image image=&#8221;73&#8243; img_size=&#8221;36&#215;36&#8243; alignment=&#8221;center&#8221; onclick=&#8221;custom_link&#8221; link=&#8221;https:\/\/datos.canarias.es\/catalogos\/general\/organization&#8221; css=&#8221;.vc_custom_1692615869207{padding-top: 20px !important;padding-bottom: 20px !important;}&#8221;][vc_column_text]<\/p>\n<p style=\"text-align: center;\"><strong><a class=\"link-caja-portada\" href=\"https:\/\/datos.canarias.es\/catalogos\/general\/organization\">Cargando organizaciones&#8230;<\/a><\/strong><\/p>\n<p>[\/vc_column_text][\/vc_column_inner][\/vc_row_inner][\/vc_column][\/vc_row][vc_row disable_element=&#8221;yes&#8221; css=&#8221;.vc_custom_1751442123620{margin-top: 20px !important;margin-bottom: 20px !important;padding-top: 20px !important;padding-right: 20px !important;padding-bottom: 20px !important;padding-left: 20px !important;background-color: #ea526f !important;}&#8221; el_class=&#8221;home-banner&#8221;][vc_column][vc_custom_heading text=&#8221;AVISO DE MANTENIMIENTO&#8221; font_container=&#8221;tag:h2|text_align:left|color:%23ffffff&#8221; google_fonts=&#8221;font_family:Roboto%3A100%2C100italic%2C300%2C300italic%2Cregular%2Citalic%2C500%2C500italic%2C700%2C700italic%2C900%2C900italic|font_style:900%20bold%20regular%3A900%3Anormal&#8221; css=&#8221;.vc_custom_1675855370026{margin-bottom: 0px !important;padding-top: 10px !important;}&#8221;][vc_custom_heading text=&#8221;A partir de las 14:00 de hoy, 1 de julio, el portal Datos Abiertos de Canarias podr\u00eda estar temporalmente inoperativo a causa de tareas de mantenimiento.&#8221; font_container=&#8221;tag:p|text_align:left|color:%23ffffff&#8221; google_fonts=&#8221;font_family:Roboto%3A100%2C100italic%2C300%2C300italic%2Cregular%2Citalic%2C500%2C500italic%2C700%2C700italic%2C900%2C900italic|font_style:400%20regular%3A400%3Anormal&#8221; css=&#8221;.vc_custom_1751370863664{margin-bottom: 10px !important;padding-top: 0px !important;}&#8221;][\/vc_column][\/vc_row][vc_row disable_element=&#8221;yes&#8221; css=&#8221;.vc_custom_1718206152307{margin-top: 20px !important;margin-bottom: 20px !important;padding-top: 20px !important;padding-right: 20px !important;padding-bottom: 20px !important;padding-left: 20px !important;background-color: #ff5e5b !important;}&#8221; el_class=&#8221;home-banner&#8221;][vc_column][vc_custom_heading text=&#8221;AVISO DE MANTENIMIENTO&#8221; font_container=&#8221;tag:h2|text_align:left|color:%23ffffff&#8221; google_fonts=&#8221;font_family:Roboto%3A100%2C100italic%2C300%2C300italic%2Cregular%2Citalic%2C500%2C500italic%2C700%2C700italic%2C900%2C900italic|font_style:900%20bold%20regular%3A900%3Anormal&#8221; css=&#8221;.vc_custom_1675855370026{margin-bottom: 0px !important;padding-top: 10px !important;}&#8221;][vc_custom_heading text=&#8221;En la ma\u00f1ana del 13 de de junio se realizar\u00e1n labores de mantenimiento, esto podr\u00eda provocar periodos de inestabilidad.&#8221; font_container=&#8221;tag:p|text_align:left|color:%23ffffff&#8221; google_fonts=&#8221;font_family:Roboto%3A100%2C100italic%2C300%2C300italic%2Cregular%2Citalic%2C500%2C500italic%2C700%2C700italic%2C900%2C900italic|font_style:400%20regular%3A400%3Anormal&#8221; css=&#8221;.vc_custom_1718205901276{margin-bottom: 10px !important;padding-top: 0px !important;}&#8221;][\/vc_column][\/vc_row][vc_row disable_element=&#8221;yes&#8221; css=&#8221;.vc_custom_1718707408823{margin-top: 20px !important;margin-bottom: 20px !important;padding-top: 20px !important;padding-right: 20px !important;padding-bottom: 20px !important;padding-left: 20px !important;background-color: #ffed00 !important;}&#8221; el_class=&#8221;home-banner&#8221;][vc_column width=&#8221;1\/2&#8243;][vc_custom_heading text=&#8221;DATOS COVID-19&#8243; font_container=&#8221;tag:h2|text_align:left|color:%23014e70&#8243; google_fonts=&#8221;font_family:Roboto%3A100%2C100italic%2C300%2C300italic%2Cregular%2Citalic%2C500%2C500italic%2C700%2C700italic%2C900%2C900italic|font_style:900%20bold%20regular%3A900%3Anormal&#8221; css=&#8221;.vc_custom_1605777667169{padding-top: 30px !important;}&#8221;][\/vc_column][vc_column width=&#8221;1\/2&#8243; el_class=&#8221;covid-images&#8221;][vc_single_image image=&#8221;37&#8243; alignment=&#8221;right&#8221; onclick=&#8221;custom_link&#8221; img_link_target=&#8221;_blank&#8221; link=&#8221;https:\/\/www.gobiernodecanarias.org\/principal\/coronavirus\/datos\/&#8221;][vc_single_image image=&#8221;53&#8243; alignment=&#8221;right&#8221; onclick=&#8221;custom_link&#8221; img_link_target=&#8221;_blank&#8221; link=&#8221;http:\/\/www.gobiernodecanarias.org\/istac\/impacto-covid-19\/&#8221;][vc_single_image image=&#8221;51&#8243; alignment=&#8221;right&#8221; onclick=&#8221;custom_link&#8221; img_link_target=&#8221;_blank&#8221; link=&#8221;https:\/\/www.gobiernodecanarias.org\/sanidad\/scs\/covid19&#8243;][vc_single_image image=&#8221;90&#8243; alignment=&#8221;right&#8221; onclick=&#8221;custom_link&#8221; img_link_target=&#8221;_blank&#8221; link=&#8221;https:\/\/www3.gobiernodecanarias.org\/aplicaciones\/canariasconperspectiva\/index.php&#8221;][\/vc_column][\/vc_row][vc_row css=&#8221;.vc_custom_1598269334038{margin-top: 40px !important;margin-right: 0px !important;margin-bottom: 40px !important;margin-left: 0px !important;padding-right: 0px !important;padding-left: 0px !important;}&#8221;][vc_column css=&#8221;.vc_custom_1598265085552{margin-right: 0px !important;margin-left: 0px !important;padding-right: 0px !important;padding-left: 0px !important;}&#8221;][vc_custom_heading text=&#8221;&lt; Descubre nuestros datos &gt;&#8221; use_theme_fonts=&#8221;yes&#8221;][vc_row_inner css=&#8221;.vc_custom_1598266051810{margin-right: -20px !important;margin-left: -20px !important;}&#8221;][vc_column_inner width=&#8221;1\/4&#8243;][vc_single_image image=&#8221;26&#8243; img_size=&#8221;medium&#8221; alignment=&#8221;center&#8221; onclick=&#8221;custom_link&#8221; link=&#8221;https:\/\/datos.canarias.es\/catalogos\/general\/group&#8221; el_class=&#8221;imagen-icon-box&#8221;][\/vc_column_inner][vc_column_inner width=&#8221;1\/4&#8243;][vc_single_image image=&#8221;25&#8243; img_size=&#8221;medium&#8221; alignment=&#8221;center&#8221; onclick=&#8221;custom_link&#8221; link=&#8221;https:\/\/datos.canarias.es\/catalogos\/general\/organization&#8221; el_class=&#8221;imagen-icon-box&#8221;][\/vc_column_inner][vc_column_inner width=&#8221;1\/4&#8243;][vc_single_image image=&#8221;24&#8243; img_size=&#8221;medium&#8221; alignment=&#8221;center&#8221; onclick=&#8221;custom_link&#8221; link=&#8221;https:\/\/datos.canarias.es\/catalogos\/general\/dataset?q=&amp;sort=metadata_modified+desc&#8221; el_class=&#8221;imagen-icon-box&#8221;][\/vc_column_inner][vc_column_inner width=&#8221;1\/4&#8243;][vc_single_image image=&#8221;23&#8243; img_size=&#8221;medium&#8221; alignment=&#8221;center&#8221; onclick=&#8221;custom_link&#8221; link=&#8221;https:\/\/datos.canarias.es\/catalogos\/general\/dataset?q=&amp;sort=score+desc&#8221; el_class=&#8221;imagen-icon-box&#8221;][\/vc_column_inner][\/vc_row_inner][\/vc_column][\/vc_row][vc_row css=&#8221;.vc_custom_1598269341351{margin-top: 40px !important;margin-right: 0px !important;margin-bottom: 40px !important;margin-left: 0px !important;padding-right: 0px !important;padding-left: 0px !important;}&#8221;][vc_column css=&#8221;.vc_custom_1598265085552{margin-right: 0px !important;margin-left: 0px !important;padding-right: 0px !important;padding-left: 0px !important;}&#8221;][vc_custom_heading text=&#8221;&lt; Historias de datos y novedades&gt;&#8221; use_theme_fonts=&#8221;yes&#8221;][vc_basic_grid post_type=&#8221;post&#8221; max_items=&#8221;4&#8243; element_width=&#8221;3&#8243; grid_id=&#8221;vc_gid:1751442115014-8c92d4fb8595d3fec61a17a447cc2945-4&#8243; el_class=&#8221;home-news&#8221;][\/vc_column][\/vc_row][vc_row css=&#8221;.vc_custom_1598269334038{margin-top: 40px !important;margin-right: 0px !important;margin-bottom: 40px !important;margin-left: 0px !important;padding-right: 0px !important;padding-left: 0px !important;}&#8221;][vc_column width=&#8221;2\/3&#8243; css=&#8221;.vc_custom_1598265085552{margin-right: 0px !important;margin-left: 0px !important;padding-right: 0px !important;padding-left: 0px !important;}&#8221;][vc_custom_heading text=&#8221;&lt; Qui\u00e9nes somos &gt;&#8221; use_theme_fonts=&#8221;yes&#8221;][vc_row_inner][vc_column_inner width=&#8221;1\/2&#8243;][vc_single_image image=&#8221;56&#8243; img_size=&#8221;medium&#8221; alignment=&#8221;center&#8221;][\/vc_column_inner][vc_column_inner width=&#8221;1\/2&#8243;][vc_single_image image=&#8221;57&#8243; img_size=&#8221;medium&#8221; alignment=&#8221;center&#8221;][\/vc_column_inner][\/vc_row_inner][\/vc_column][vc_column width=&#8221;1\/3&#8243;][vc_custom_heading text=&#8221;&lt; Reconocimientos &gt;&#8221; use_theme_fonts=&#8221;yes&#8221;][vc_row_inner][vc_column_inner][vc_single_image image=&#8221;106&#8243; img_size=&#8221;146&#215;150&#8243; alignment=&#8221;center&#8221; css=&#8221;.vc_custom_1692616027409{margin-top: 40px !important;margin-bottom: 30px !important;}&#8221;][\/vc_column_inner][\/vc_row_inner][\/vc_column][\/vc_row][vc_row css=&#8221;.vc_custom_1598269334038{margin-top: 40px !important;margin-right: 0px !important;margin-bottom: 40px !important;margin-left: 0px !important;padding-right: 0px !important;padding-left: 0px !important;}&#8221;][vc_column css=&#8221;.vc_custom_1598265085552{margin-right: 0px !important;margin-left: 0px !important;padding-right: 0px !important;padding-left: 0px !important;}&#8221;][\/vc_column][\/vc_row]<\/p>\n<\/div><\/section>","protected":false},"excerpt":{"rendered":"<!-- RS_MODULE_CODE_2.4.4 --><div id=\"readspeaker_button1193\" class=\"rs_skip rsbtn rs_preserve\"><a class=\"rsbtn_play\" title=\"Escucha esta p&aacute;gina utilizando ReadSpeaker\" accesskey=\"L\" href=\"\/\/app-eu.readspeaker.com\/cgi-bin\/rsent?customerid=7294&amp;lang=es_es&amp;readid=rspeak_read_1193&amp;url=https%3A%2F%2Fdatos.canarias.es%2Fportal%2Fwp-json%2Fwp%2Fv2%2Fpages%2F1193\">\r\n        <span class=\"rsbtn_left rsimg rspart\"><span class=\"rsbtn_text\"><span>Escuchar<\/span><\/span><\/span>\r\n        <span class=\"rsbtn_right rsimg rsplay rspart\"><\/span>\r\n        <\/a><\/div><div id=\"rspeak_read_1193\"><p> [vc_row full_width=&#8221;stretch_row&#8221; css=&#8221;.vc_custom_1608135583041{margin-bottom: 20px !important;padding-top: 90px !important;padding-bottom: 40px !important;background-color: #017fb0 !important;}&#8221;][vc_column width=&#8221;2\/3&#8243; css=&#8221;.vc_custom_1598261160885{padding-left: 0px !important;}&#8221;][vc_custom_heading text=&#8221;Datos Abiertos de Canarias&#8221; font_container=&#8221;tag:h1|text_align:left|color:%23ffffff&#8221; google_fonts=&#8221;font_family:Roboto%20Condensed%3A300%2C300italic%2Cregular%2Citalic%2C700%2C700italic|font_style:700%20bold%20regular%3A700%3Anormal&#8221; el_id=&#8221;home-h1&#8243;][vc_column_text el_class=&#8221;subtitulo-portada&#8221;]Punto de encuentro para [&hellip;]<\/p>\n<\/div>","protected":false},"author":4,"featured_media":0,"parent":0,"menu_order":0,"comment_status":"closed","ping_status":"closed","template":"","meta":{"footnotes":""},"_links":{"self":[{"href":"https:\/\/datos.canarias.es\/portal\/wp-json\/wp\/v2\/pages\/1193"}],"collection":[{"href":"https:\/\/datos.canarias.es\/portal\/wp-json\/wp\/v2\/pages"}],"about":[{"href":"https:\/\/datos.canarias.es\/portal\/wp-json\/wp\/v2\/types\/page"}],"author":[{"embeddable":true,"href":"https:\/\/datos.canarias.es\/portal\/wp-json\/wp\/v2\/users\/4"}],"replies":[{"embeddable":true,"href":"https:\/\/datos.canarias.es\/portal\/wp-json\/wp\/v2\/comments?post=1193"}],"version-history":[{"count":14,"href":"https:\/\/datos.canarias.es\/portal\/wp-json\/wp\/v2\/pages\/1193\/revisions"}],"predecessor-version":[{"id":1650,"href":"https:\/\/datos.canarias.es\/portal\/wp-json\/wp\/v2\/pages\/1193\/revisions\/1650"}],"wp:attachment":[{"href":"https:\/\/datos.canarias.es\/portal\/wp-json\/wp\/v2\/media?parent=1193"}],"curies":[{"name":"wp","href":"https:\/\/api.w.org\/{rel}","templated":true}]}}