{"id":1194,"date":"2020-11-03T14:13:09","date_gmt":"2020-11-03T14:13:09","guid":{"rendered":"https:\/\/pre-datos.canarias.es\/portal\/?page_id=26"},"modified":"2020-11-03T14:13:09","modified_gmt":"2020-11-03T14:13:09","slug":"para-que-sirven-los-datos-abiertos","status":"publish","type":"page","link":"https:\/\/datos.canarias.es\/portal\/formacion\/para-que-sirven-los-datos-abiertos\/","title":{"rendered":"\u00bfPara qu\u00e9 sirven los datos abiertos?"},"content":{"rendered":"<section class=\"wpb-content-wrapper\"><!-- RS_MODULE_CODE_2.4.4 --><div id=\"readspeaker_button1194\" class=\"rs_skip rsbtn rs_preserve\"><a class=\"rsbtn_play\" title=\"Escucha esta p&aacute;gina utilizando ReadSpeaker\" accesskey=\"L\" href=\"\/\/app-eu.readspeaker.com\/cgi-bin\/rsent?customerid=7294&amp;lang=es_es&amp;readid=rspeak_read_1194&amp;url=https%3A%2F%2Fdatos.canarias.es%2Fportal%2Fwp-json%2Fwp%2Fv2%2Fpages%2F1194\">\r\n        <span class=\"rsbtn_left rsimg rspart\"><span class=\"rsbtn_text\"><span>Escuchar<\/span><\/span><\/span>\r\n        <span class=\"rsbtn_right rsimg rsplay rspart\"><\/span>\r\n        <\/a><\/div><div id=\"rspeak_read_1194\"><p>[vc_row][vc_column][vc_column_text]Los datos abiertos se ponen a disposici\u00f3n de la ciudadan\u00eda en general, los emprendedores y las empresas a trav\u00e9s de portales como en el que est\u00e1 ahora mismo.<\/p>\n<p>Con los datos abiertos liberados por los gobiernos de todo el mundo puede:<\/p>\n<ul>\n<li>Desarrollar nuevas aplicaciones, servicios o negocios digitales.<\/li>\n<li>Impulsar el crecimiento de su empresa y negocio.<\/li>\n<li>Diversificar, amplificar y expandir su actual actividad.<\/li>\n<li>Tomar mejores decisiones profesionales y empresariales.<\/li>\n<li>Tomar mejores decisiones en su vida personal.<\/li>\n<li>Crear visualizaciones y mapas din\u00e1micos impactantes.<\/li>\n<li>Saber m\u00e1s sobre su gobierno.<\/li>\n<\/ul>\n<p>[\/vc_column_text][\/vc_column][\/vc_row]<\/p>\n<\/div><\/section>","protected":false},"excerpt":{"rendered":"<!-- RS_MODULE_CODE_2.4.4 --><div id=\"readspeaker_button1194\" class=\"rs_skip rsbtn rs_preserve\"><a class=\"rsbtn_play\" title=\"Escucha esta p&aacute;gina utilizando ReadSpeaker\" accesskey=\"L\" href=\"\/\/app-eu.readspeaker.com\/cgi-bin\/rsent?customerid=7294&amp;lang=es_es&amp;readid=rspeak_read_1194&amp;url=https%3A%2F%2Fdatos.canarias.es%2Fportal%2Fwp-json%2Fwp%2Fv2%2Fpages%2F1194\">\r\n        <span class=\"rsbtn_left rsimg rspart\"><span class=\"rsbtn_text\"><span>Escuchar<\/span><\/span><\/span>\r\n        <span class=\"rsbtn_right rsimg rsplay rspart\"><\/span>\r\n        <\/a><\/div><div id=\"rspeak_read_1194\"><p> [vc_row][vc_column][vc_column_text]Los datos abiertos se ponen a disposici\u00f3n de la ciudadan\u00eda en general, los emprendedores y las empresas a trav\u00e9s de portales como en el que est\u00e1 [&hellip;]<\/p>\n<\/div>","protected":false},"author":4,"featured_media":0,"parent":283,"menu_order":0,"comment_status":"closed","ping_status":"closed","template":"","meta":{"footnotes":""},"_links":{"self":[{"href":"https:\/\/datos.canarias.es\/portal\/wp-json\/wp\/v2\/pages\/1194"}],"collection":[{"href":"https:\/\/datos.canarias.es\/portal\/wp-json\/wp\/v2\/pages"}],"about":[{"href":"https:\/\/datos.canarias.es\/portal\/wp-json\/wp\/v2\/types\/page"}],"author":[{"embeddable":true,"href":"https:\/\/datos.canarias.es\/portal\/wp-json\/wp\/v2\/users\/4"}],"replies":[{"embeddable":true,"href":"https:\/\/datos.canarias.es\/portal\/wp-json\/wp\/v2\/comments?post=1194"}],"version-history":[{"count":0,"href":"https:\/\/datos.canarias.es\/portal\/wp-json\/wp\/v2\/pages\/1194\/revisions"}],"up":[{"embeddable":true,"href":"https:\/\/datos.canarias.es\/portal\/wp-json\/wp\/v2\/pages\/283"}],"wp:attachment":[{"href":"https:\/\/datos.canarias.es\/portal\/wp-json\/wp\/v2\/media?parent=1194"}],"curies":[{"name":"wp","href":"https:\/\/api.w.org\/{rel}","templated":true}]}}