{"id":1199,"date":"2020-11-03T14:15:00","date_gmt":"2020-11-03T14:15:00","guid":{"rendered":"https:\/\/pre-datos.canarias.es\/portal\/?page_id=30"},"modified":"2020-11-03T14:15:00","modified_gmt":"2020-11-03T14:15:00","slug":"acerca-de","status":"publish","type":"page","link":"https:\/\/datos.canarias.es\/portal\/acerca-de\/","title":{"rendered":"Acerca de"},"content":{"rendered":"<section class=\"wpb-content-wrapper\"><!-- RS_MODULE_CODE_2.4.4 --><div id=\"readspeaker_button1199\" class=\"rs_skip rsbtn rs_preserve\"><a class=\"rsbtn_play\" title=\"Escucha esta p&aacute;gina utilizando ReadSpeaker\" accesskey=\"L\" href=\"\/\/app-eu.readspeaker.com\/cgi-bin\/rsent?customerid=7294&amp;lang=es_es&amp;readid=rspeak_read_1199&amp;url=https%3A%2F%2Fdatos.canarias.es%2Fportal%2Fwp-json%2Fwp%2Fv2%2Fpages%2F1199\">\r\n        <span class=\"rsbtn_left rsimg rspart\"><span class=\"rsbtn_text\"><span>Escuchar<\/span><\/span><\/span>\r\n        <span class=\"rsbtn_right rsimg rsplay rspart\"><\/span>\r\n        <\/a><\/div><div id=\"rspeak_read_1199\"><p>[vc_row][vc_column][vc_column_text]<\/p>\n<p>La sociedad canaria aspira a contar con instituciones p\u00fablicas m\u00e1s accesibles y transparentes, m\u00e1s cercanas y capaces de generar sinergias que produzcan beneficio social y econ\u00f3mico.<\/p>\n<p>Para ello, se deben establecer mecanismos de coordinaci\u00f3n y colaboraci\u00f3n en \u00e1mbitos como la apertura y reutilizaci\u00f3n de los datos de Canarias, debido a la existencia de numerosos repositorios de datos abiertos que son gestionados de forma individual por los distintos organismos p\u00fablicos.<\/p>\n<p>El gran volumen de cat\u00e1logo de datos descentralizados y de distintos niveles de la Administraci\u00f3n, la existencia de estructuras de clasificaci\u00f3n y formatos no homog\u00e9neos, as\u00ed como la dificultad para la correcta reutilizaci\u00f3n de los datos, podr\u00edan solucionarse en un contexto de optimizaci\u00f3n en la gesti\u00f3n de los datos abiertos y en un marco colaborativo interinstitucional.<\/p>\n<p>Es por ello por lo que, desde el Gobierno de Canarias, se ha impulsado la creaci\u00f3n de un nuevo portal de datos abiertos de Canarias que sea un referente tanto en el \u00e1mbito regional como en el nacional y con el que se pretenden alcanzar los siguientes objetivos:<\/p>\n<ul>\n<li>Que el Portal sea el \u00fanico punto que centraliza el acceso a los datos abiertos del Gobierno de Canarias.<\/li>\n<li>Incrementar los conjuntos de datos de Canarias en el Portal de datos abiertos de Espa\u00f1a.<\/li>\n<li>Evolucionar el Portal para que sea el \u00fanico punto que centralice el acceso a los datos abiertos de Canarias.<\/li>\n<li>Fortalecer la plataforma tecnol\u00f3gica para crear valor mediante la reutilizaci\u00f3n de datos de Canarias.<\/li>\n<\/ul>\n<p>[\/vc_column_text][\/vc_column][\/vc_row]<\/p>\n<\/div><\/section>","protected":false},"excerpt":{"rendered":"<!-- RS_MODULE_CODE_2.4.4 --><div id=\"readspeaker_button1199\" class=\"rs_skip rsbtn rs_preserve\"><a class=\"rsbtn_play\" title=\"Escucha esta p&aacute;gina utilizando ReadSpeaker\" accesskey=\"L\" href=\"\/\/app-eu.readspeaker.com\/cgi-bin\/rsent?customerid=7294&amp;lang=es_es&amp;readid=rspeak_read_1199&amp;url=https%3A%2F%2Fdatos.canarias.es%2Fportal%2Fwp-json%2Fwp%2Fv2%2Fpages%2F1199\">\r\n        <span class=\"rsbtn_left rsimg rspart\"><span class=\"rsbtn_text\"><span>Escuchar<\/span><\/span><\/span>\r\n        <span class=\"rsbtn_right rsimg rsplay rspart\"><\/span>\r\n        <\/a><\/div><div id=\"rspeak_read_1199\"><p> [vc_row][vc_column][vc_column_text] La sociedad canaria aspira a contar con instituciones p\u00fablicas m\u00e1s accesibles y transparentes, m\u00e1s cercanas y capaces de generar sinergias que produzcan beneficio social y [&hellip;]<\/p>\n<\/div>","protected":false},"author":4,"featured_media":0,"parent":0,"menu_order":0,"comment_status":"closed","ping_status":"closed","template":"","meta":{"footnotes":""},"_links":{"self":[{"href":"https:\/\/datos.canarias.es\/portal\/wp-json\/wp\/v2\/pages\/1199"}],"collection":[{"href":"https:\/\/datos.canarias.es\/portal\/wp-json\/wp\/v2\/pages"}],"about":[{"href":"https:\/\/datos.canarias.es\/portal\/wp-json\/wp\/v2\/types\/page"}],"author":[{"embeddable":true,"href":"https:\/\/datos.canarias.es\/portal\/wp-json\/wp\/v2\/users\/4"}],"replies":[{"embeddable":true,"href":"https:\/\/datos.canarias.es\/portal\/wp-json\/wp\/v2\/comments?post=1199"}],"version-history":[{"count":0,"href":"https:\/\/datos.canarias.es\/portal\/wp-json\/wp\/v2\/pages\/1199\/revisions"}],"wp:attachment":[{"href":"https:\/\/datos.canarias.es\/portal\/wp-json\/wp\/v2\/media?parent=1199"}],"curies":[{"name":"wp","href":"https:\/\/api.w.org\/{rel}","templated":true}]}}