{"id":1203,"date":"2020-11-03T14:18:34","date_gmt":"2020-11-03T14:18:34","guid":{"rendered":"https:\/\/pre-datos.canarias.es\/portal\/?page_id=38"},"modified":"2020-11-03T14:18:34","modified_gmt":"2020-11-03T14:18:34","slug":"aviso-legal-y-condiciones-de-uso","status":"publish","type":"page","link":"https:\/\/datos.canarias.es\/portal\/aviso-legal-y-condiciones-de-uso\/","title":{"rendered":"Aviso legal y Condiciones de uso"},"content":{"rendered":"<section class=\"wpb-content-wrapper\"><!-- RS_MODULE_CODE_2.4.4 --><div id=\"readspeaker_button1203\" class=\"rs_skip rsbtn rs_preserve\"><a class=\"rsbtn_play\" title=\"Escucha esta p&aacute;gina utilizando ReadSpeaker\" accesskey=\"L\" href=\"\/\/app-eu.readspeaker.com\/cgi-bin\/rsent?customerid=7294&amp;lang=es_es&amp;readid=rspeak_read_1203&amp;url=https%3A%2F%2Fdatos.canarias.es%2Fportal%2Fwp-json%2Fwp%2Fv2%2Fpages%2F1203\">\r\n        <span class=\"rsbtn_left rsimg rspart\"><span class=\"rsbtn_text\"><span>Escuchar<\/span><\/span><\/span>\r\n        <span class=\"rsbtn_right rsimg rsplay rspart\"><\/span>\r\n        <\/a><\/div><div id=\"rspeak_read_1203\"><p>[vc_row][vc_column][vc_column_text]<\/p>\n<h2><strong>Aviso Legal<\/strong><\/h2>\n<h3><strong>1. Objeto de este Aviso Legal<\/strong><\/h3>\n<p>Este aviso legal recoge las condiciones generales que rigen el acceso y el uso del presente Portal de Datos Abiertos (en adelante, \u201cel Portal\u201d), destinado a la reutilizaci\u00f3n de la informaci\u00f3n del sector p\u00fablico de la Comunidad Aut\u00f3noma de Canarias que haya sido incluida en este Portal (remitirse al cat\u00e1logo de informaci\u00f3n p\u00fablica reutilizable del mismo) y que se rige, con car\u00e1cter general, por la normativa aplicable de reutilizaci\u00f3n de esta informaci\u00f3n, en particular, por la Ley estatal 37\/2007, de 16 de noviembre, sobre reutilizaci\u00f3n de la informaci\u00f3n del sector p\u00fablico (Ley 37\/2007) y su reglamento de desarrollo aprobado por el Real Decreto 1495\/2011, de 24 de octubre, as\u00ed como por la Directiva (UE) 2019\/1024 del Parlamento Europeo y del Consejo de 20 de junio de 2019 relativa a los datos abiertos y la reutilizaci\u00f3n de la informaci\u00f3n del sector p\u00fablico.<\/p>\n<p>Este Portal tiene por objeto la protecci\u00f3n y promoci\u00f3n del compromiso que el Gobierno de Canarias tiene con la reutilizaci\u00f3n de informaci\u00f3n del sector p\u00fablico en el marco de la nueva econom\u00eda europea de datos. Estas condiciones generales se entienden sin perjuicio de las posibles condiciones particulares a las que pueda sujetarse el acceso y\/o reutilizaci\u00f3n de cierta informaci\u00f3n o contenidos espec\u00edficos, lo que se informar\u00e1 de forma clara y transparente en estos casos.<\/p>\n<p>Sin perjuicio de lo anterior, el acceso y utilizaci\u00f3n de los conjuntos de datos que el Gobierno de Canarias publica a trav\u00e9s de este Portal supone la aceptaci\u00f3n sin reservas y plena vinculaci\u00f3n a lo dispuesto en el presente Aviso Legal, seg\u00fan la versi\u00f3n que est\u00e9 publicada en cada momento a trav\u00e9s de este Portal, por lo que le recomendamos al usuario o agente reutilizador la atenta lectura del mismo cada vez que desee acceder y hacer uso de las diversas posibilidades, prestaciones y\/o contenidos que ofrece este Portal. Si tiene alguna cuesti\u00f3n en relaci\u00f3n al presente Aviso Legal, por favor, no dude en ponerse en contacto con nosotros cumplimentando el siguiente formulario. Adem\u00e1s, este Aviso Legal puede ser modificado en cualquier momento a fin de atender a los requerimientos normativos que resulte de aplicaci\u00f3n en cada caso.<\/p>\n<h3><strong>2. Definiciones<\/strong><\/h3>\n<p>A los efectos del presente Aviso Legal se entiende por:<\/p>\n<h4><strong>2.1. Reutilizaci\u00f3n<\/strong><\/h4>\n<p>El uso de documentos que obran en poder del Gobierno de la Comunidad Aut\u00f3noma de Canarias, por personas f\u00edsicas o jur\u00eddicas, con fines comerciales o no comerciales, siempre que dicho uso no constituya una actividad administrativa p\u00fablica.<\/p>\n<p>Queda excluido de este concepto el intercambio de documentos entre Administraciones y organismos del sector p\u00fablico en el ejercicio de las funciones p\u00fablicas que tengan atribuidas. Tambi\u00e9n se excluyen los documentos a los que alude el art\u00edculo 3.3 de la Ley 37\/2007. La reutilizaci\u00f3n de documentos que contengan datos de car\u00e1cter personal se regir\u00e1 por lo dispuesto en la vigente normativa protectora de datos personales, en particular, por lo dispuesto en el Reglamento (UE) 2016\/679 del Parlamento Europeo y del Consejo, de 27 de Abril de 2016, relativo a la Protecci\u00f3n de las personas f\u00edsicas en lo que respecta al tratamiento de Datos Personales y a la libre circulaci\u00f3n de estos datos y por el que se deroga la Directiva 95\/46\/CE (\u201cReglamento General de Protecci\u00f3n de Datos\u201d o \u201cRGPD\u201d) y dem\u00e1s normativa espa\u00f1ola concordante.<\/p>\n<h4><strong>2.2. Documento<\/strong><\/h4>\n<p>Toda informaci\u00f3n cualquiera que sea su soporte material o electr\u00f3nico, as\u00ed como su forma de expresi\u00f3n gr\u00e1fica, sonora o en imagen utilizada, incluyendo, en consecuencia, tambi\u00e9n los datos en sus niveles m\u00e1s desagregados.<\/p>\n<h4><strong>2.3. Agente reutilizador<\/strong><\/h4>\n<p>Toda persona f\u00edsica o jur\u00eddica que reutilice informaci\u00f3n del sector p\u00fablico con fines comerciales o no comerciales. La utilizaci\u00f3n de los conjuntos de datos se realizar\u00e1 por parte de los agentes reutilizadores bajo su responsabilidad y riesgo, correspondi\u00e9ndoles en exclusiva a ellos responder frente a terceros por da\u00f1os que pudieran derivarse de ella.<\/p>\n<h3><strong>3. Condiciones de la reutilizaci\u00f3n<\/strong><\/h3>\n<p>Todos los conjuntos de datos que ofrece el Gobierno de Canarias, si no se indica lo contrario, se publican bajo los t\u00e9rminos de la licencia Creative Commons-Reconocimiento (CC-by 4.0), y que permite:<\/p>\n<ul>\n<li>Copiar, distribuir y divulgar p\u00fablicamente.<\/li>\n<li>Servir como base a obras derivadas como resultado de su an\u00e1lisis o estudio.<\/li>\n<li>Utilizar con fines comerciales o no comerciales.<\/li>\n<li>Modificar, transformar y adaptar, haci\u00e9ndose p\u00fablicos dichos cambios.<\/li>\n<\/ul>\n<p>Estas condiciones de reutilizaci\u00f3n son aplicables \u00fanicamente a los conjuntos de datos dispuestos por el Gobierno de Canarias.<\/p>\n<p>Hay que tener en cuenta que el Portal de Datos Abiertos se configura como un punto de acceso \u00fanico para los datos abiertos de la comunidad aut\u00f3noma de Canarias y cada organizaci\u00f3n establece sus propias condiciones y licencias de reutilizaci\u00f3n de la informaci\u00f3n, por lo que el usuario deber\u00e1 comprobar las mismas antes de proceder a reutilizar tal informaci\u00f3n.<\/p>\n<p>Adem\u00e1s, en todo caso, la reutilizaci\u00f3n de la informaci\u00f3n a la que se refiere este Aviso Legal se sujeta, entre otras condiciones que pudieran establecerse, a las siguientes:<\/p>\n<ul>\n<li>El contenido de la informaci\u00f3n, incluyendo sus metadatos, no ser\u00e1 alterado. Es decir, no ser\u00e1 posible conservar, alterar, ni suprimir los metadatos sobre la fecha de actualizaci\u00f3n y las condiciones de reutilizaci\u00f3n aplicables incluidos, en su caso, en el documento puesto a disposici\u00f3n para su reutilizaci\u00f3n.<\/li>\n<li>No se desnaturalizar\u00e1 el sentido de la informaci\u00f3n.<\/li>\n<li>Se citar\u00e1 la fuente de los documentos objeto de la reutilizaci\u00f3n. Esta cita podr\u00e1 realizarse de la siguiente manera gen\u00e9rica: \u201cFuente: Gobierno de Canarias\u201d o en su lugar el texto: &#8220;Informaci\u00f3n elaborada utilizando, entre otras, la obtenida del Gobierno de Canarias&#8221;.<\/li>\n<li>Se mencionar\u00e1 la fecha de la \u00faltima actualizaci\u00f3n de los documentos objeto de la reutilizaci\u00f3n, siempre cuando estuviera incluida en el documento original. En tal sentido, los documentos en formato electr\u00f3nico reutilizables podr\u00e1n incluir entre sus metadatos una indicaci\u00f3n de su \u00faltima fecha de actualizaci\u00f3n y una referencia a las condiciones de reutilizaci\u00f3n aplicables en cada momento.<\/li>\n<li>No se podr\u00e1 indicar, insinuar o sugerir que los \u00f3rganos administrativos, organismos o entidades del Gobierno de Canarias titulares de la informaci\u00f3n reutilizada participan, patrocinan o apoyan la reutilizaci\u00f3n que se lleve a cabo con ella.<\/li>\n<li>Cuando la informaci\u00f3n, aun siendo facilitada de forma disociada, contuviera elementos suficientes que pudieran permitir la identificaci\u00f3n de los interesados en el proceso de reutilizaci\u00f3n, quedar\u00e1 absolutamente prohibido para el agente reutilizador revertir el procedimiento de disociaci\u00f3n mediante la adici\u00f3n de nuevos datos obtenidos de otras fuentes.<\/li>\n<\/ul>\n<h3><strong>4. Actualizaci\u00f3n de la informaci\u00f3n<\/strong><\/h3>\n<p>Se procurar\u00e1 que la informaci\u00f3n puesta a disposici\u00f3n se actualice en un tiempo razonable que permita el uso adecuado de dicha informaci\u00f3n, con una frecuencia an\u00e1loga con la que actualicen dicha informaci\u00f3n internamente, as\u00ed como su disponibilidad, incluida la temporal, completitud e integridad de acuerdo con el marco normativo aplicable en cada caso.<\/p>\n<h3><strong>5. Propiedad intelectual<\/strong><\/h3>\n<p>La informaci\u00f3n proporcionada a trav\u00e9s del Portal es propiedad de la Administraci\u00f3n P\u00fablica de la Comunidad Aut\u00f3noma de Canarias o de otros organismos que hayan autorizado el uso y difusi\u00f3n de estos contenidos, o una modificaci\u00f3n, adaptaci\u00f3n, extracci\u00f3n, reordenaci\u00f3n o combinaci\u00f3n de los mismos, a trav\u00e9s del Portal.<\/p>\n<p>Las marcas, fotograf\u00edas, im\u00e1genes, signos distintivos y logotipos que aparecen en este Portal son asimismo propiedad exclusiva de la Administraci\u00f3n P\u00fablica de la Comunidad Aut\u00f3noma de Canarias, siempre que no se indique una titularidad diferente, est\u00e1n protegidos por la legislaci\u00f3n vigente aplicable y no pueden ser reproducidos sin su autorizaci\u00f3n expresa.<\/p>\n<p>La utilizaci\u00f3n de este Portal no supone, en modo alguno, la renuncia o cesi\u00f3n por parte de la Comunidad Aut\u00f3noma de Canarias de los derechos de autor, ni de la propiedad intelectual y\/o industrial que recaiga o pueda recaer sobre los conjuntos de datos puestos a disposici\u00f3n a trav\u00e9s de este Portal. La puesta a disposici\u00f3n de dichos documentos para su reutilizaci\u00f3n conllevar\u00e1 la cesi\u00f3n gratuita y no exclusiva de los derechos de propiedad intelectual correspondientes necesarios para desarrollar la actividad de reutilizaci\u00f3n autorizada, en cualquier modalidad y bajo cualquier formato, para todo el mundo y por el plazo m\u00e1ximo permitido por la Ley, salvo que otra cosa indique o permita la legislaci\u00f3n aplicable.<\/p>\n<p>En definitiva, la puesta a disposici\u00f3n de un documento en el marco de este Portal para su reutilizaci\u00f3n no supone renuncia al derecho a su explotaci\u00f3n, ni es impedimento para la modificaci\u00f3n de los datos que en el mismo consten como consecuencia del ejercicio de funciones o competencias del Gobierno de Canarias o de cualquier otro organismo p\u00fablico al que se refiera el conjunto de datos accedidos.<\/p>\n<h3><strong>6. Protecci\u00f3n de datos de car\u00e1cter personal<\/strong><\/h3>\n<p>De acuerdo con lo dispuesto en el Reglamento (UE) 2016\/679 del Parlamento Europeo y del Consejo, de 27 de Abril de 2016, relativo a la Protecci\u00f3n de las personas f\u00edsicas en lo que respecta al tratamiento de Datos Personales y a la libre circulaci\u00f3n de estos datos y por el que se deroga la Directiva 95\/46\/CE (\u201cReglamento General de Protecci\u00f3n de Datos\u201d o \u201cRGPD\u201d) y dem\u00e1s normativa espa\u00f1ola concordante, el Gobierno de Canarias se compromete al cumplimiento de su obligaci\u00f3n de protecci\u00f3n, secreto y confidencialidad con respecto a los datos de car\u00e1cter personal que pudieran ser objeto de tratamiento a los efectos descritos en este Aviso Legal, adoptando de forma proactiva todas las medidas adecuadas en este \u00e1mbito conforme lo descrito en el RGPD.<\/p>\n<p>En todo caso, el acceso a documentos que contengan datos de car\u00e1cter personal o referentes a la intimidad de las personas estar\u00e1 reservado a \u00e9stas, quienes podr\u00e1n adem\u00e1s ejercer sus derechos personales de derechos de acceso, rectificaci\u00f3n, supresi\u00f3n, limitaci\u00f3n del tratamiento, portabilidad de datos, oposici\u00f3n y a no ser objeto de decisiones individualizadas automatizadas de conformidad con la normativa aplicable.<\/p>\n<p>Siempre y cuando los medios t\u00e9cnicos y econ\u00f3micos lo permitan, deber\u00e1 procederse a la disociaci\u00f3n o anonimizaci\u00f3n de los datos personales, en los t\u00e9rminos descritos en el RGPD a fin de permitir su reutilizaci\u00f3n por otras personas, y es que los principios de protecci\u00f3n de datos no se aplican a la informaci\u00f3n an\u00f3nima, es decir informaci\u00f3n que no guarda relaci\u00f3n con una persona f\u00edsica identificada o identificable, ni a los datos convertidos en an\u00f3nimos de forma que el interesado no sea identificable, o deje de serlo. En consecuencia, el RGPD no afecta al tratamiento de dicha informaci\u00f3n an\u00f3nima, inclusive con fines estad\u00edsticos o de investigaci\u00f3n.<\/p>\n<h3><strong>7. Exclusi\u00f3n de responsabilidad<\/strong><\/h3>\n<p>La utilizaci\u00f3n de los conjuntos de datos se realizar\u00e1 por parte de los usuarios o agentes de la reutilizaci\u00f3n bajo su responsabilidad y riesgo, correspondi\u00e9ndoles en exclusiva a ellos responder frente a terceros por da\u00f1os que pudieran derivarse de ella.<\/p>\n<p>El Gobierno de Canarias no ser\u00e1 responsable del uso que de su informaci\u00f3n hagan los agentes reutilizadores, ni tampoco de los da\u00f1os sufridos o p\u00e9rdidas econ\u00f3micas que, de forma directa o indirecta, produzcan o puedan producir perjuicios econ\u00f3micos, materiales o sobre datos, provocados por el uso de la informaci\u00f3n reutilizada.<\/p>\n<p>Por otro lado, el Gobierno de Canarias no garantiza la continuidad en la puesta a disposici\u00f3n de los documentos reutilizables, ni en contenido ni en forma, ni asume responsabilidades por cualquier error u omisi\u00f3n contenido en ellos.<\/p>\n<p>Por \u00faltimo, el Gobierno de Canarias no es responsable de las condiciones y licencias de reutilizaci\u00f3n que establecen otras organizaciones que publican sus conjuntos de datos abiertos a trav\u00e9s de este Portal.<\/p>\n<h3><strong>8. Responsabilidad del agente reutilizador<\/strong><\/h3>\n<p>El usuario o agente reutilizador se halla sometido a la normativa aplicable en materia de reutilizaci\u00f3n de la informaci\u00f3n del sector p\u00fablico, incluyendo el r\u00e9gimen sancionador previsto en el art\u00edculo 11 de la Ley 37\/2007, de 16 de noviembre, sobre reutilizaci\u00f3n de la informaci\u00f3n del sector p\u00fablico.<\/p>\n<p>Asimismo, el usuario o agente reutilizador se compromete a lo que sigue:<\/p>\n<ul>\n<li>Garantizar la autenticidad, veracidad, actualidad y exactitud de todos aquellos datos que comunique a trav\u00e9s del Portal, resultando en caso contrario el \u00fanico responsable.<\/li>\n<li>Usar el Portal, los conjuntos de datos y dem\u00e1s contenidos, prestaciones y elementos dispuestos a trav\u00e9s del mismo de forma exclusiva para los fines y funcionalidades dispuestas a tal fin seg\u00fan la legislaci\u00f3n aplicable.<\/li>\n<li>Hacer un uso legal y leg\u00edtimo del Portal, de sus funcionalidades, conjuntos de datos, contenidos y prestaciones evitando un uso no autorizado, fraudulento, ilegal o ileg\u00edtimo, as\u00ed como tambi\u00e9n vulnerar el presente aviso legal, o da\u00f1ar los derechos e intereses leg\u00edtimos del Gobierno de Canarias, o de cualquier otro tercero que pudiera verse afectado como consecuencia de tal actuaci\u00f3n.<\/li>\n<li>No provocar da\u00f1os en los sistemas o elementos asociados al Portal, o intentar quebrantar las medidas de seguridad o autenticaci\u00f3n del mismo, llevar a cabo alguna acci\u00f3n que provoque una saturaci\u00f3n desproporcionada o innecesaria en la infraestructura o del entorno de comunicaciones relacionado con el Portal, atacando de cualquier modo a la misma.<\/li>\n<li>No introducir o difundir a trav\u00e9s del Portal virus inform\u00e1ticos o malware que sea susceptibles de provocar da\u00f1os.<\/li>\n<li>No intentar acceder, utilizar y\/o manipular los datos, o conjuntos de ellos, o cualquier otro elemento dispuesto a trav\u00e9s del Portal.<\/li>\n<\/ul>\n<h3><strong>9. Aplicaciones y enlaces externos<\/strong><\/h3>\n<p>El Portal puede facilitar enlaces a p\u00e1ginas externas sobre las que no se tiene ning\u00fan control, y respecto de las cuales el Gobierno de Canarias declina toda responsabilidad, debiendo el usuario de este sitio web, en todo caso, atenerse a las condiciones de uso espec\u00edficas de dichos enlaces.<\/p>\n<h3><strong>10. Modificaciones<\/strong><\/h3>\n<p>Con el fin de mejorar las prestaciones del Portal, el Gobierno de Canarias se reserva el derecho, en cualquier momento y sin previa notificaci\u00f3n al usuario, a modificar, actualizar, ampliar o suspender temporalmente la presentaci\u00f3n, configuraci\u00f3n, especificaciones t\u00e9cnicas y servicios del Portal, de forma unilateral.<\/p>\n<p>Asimismo, se reserva el derecho a modificar en cualquier momento el presente aviso legal, o cualquiera de las condiciones particulares que pudieran acompa\u00f1ar o complementar el mismo respecto a determinados conjuntos de datos dispuestos a trav\u00e9s del Portal. En particular, para poder ajustar su contenido a la normativa vigente en cualquier momento.[\/vc_column_text][\/vc_column][\/vc_row]<\/p>\n<\/div><\/section>","protected":false},"excerpt":{"rendered":"<!-- RS_MODULE_CODE_2.4.4 --><div id=\"readspeaker_button1203\" class=\"rs_skip rsbtn rs_preserve\"><a class=\"rsbtn_play\" title=\"Escucha esta p&aacute;gina utilizando ReadSpeaker\" accesskey=\"L\" href=\"\/\/app-eu.readspeaker.com\/cgi-bin\/rsent?customerid=7294&amp;lang=es_es&amp;readid=rspeak_read_1203&amp;url=https%3A%2F%2Fdatos.canarias.es%2Fportal%2Fwp-json%2Fwp%2Fv2%2Fpages%2F1203\">\r\n        <span class=\"rsbtn_left rsimg rspart\"><span class=\"rsbtn_text\"><span>Escuchar<\/span><\/span><\/span>\r\n        <span class=\"rsbtn_right rsimg rsplay rspart\"><\/span>\r\n        <\/a><\/div><div id=\"rspeak_read_1203\"><p> [vc_row][vc_column][vc_column_text] Aviso Legal 1. Objeto de este Aviso Legal Este aviso legal recoge las condiciones generales que rigen el acceso y el uso del presente Portal [&hellip;]<\/p>\n<\/div>","protected":false},"author":4,"featured_media":0,"parent":0,"menu_order":0,"comment_status":"closed","ping_status":"closed","template":"","meta":{"footnotes":""},"_links":{"self":[{"href":"https:\/\/datos.canarias.es\/portal\/wp-json\/wp\/v2\/pages\/1203"}],"collection":[{"href":"https:\/\/datos.canarias.es\/portal\/wp-json\/wp\/v2\/pages"}],"about":[{"href":"https:\/\/datos.canarias.es\/portal\/wp-json\/wp\/v2\/types\/page"}],"author":[{"embeddable":true,"href":"https:\/\/datos.canarias.es\/portal\/wp-json\/wp\/v2\/users\/4"}],"replies":[{"embeddable":true,"href":"https:\/\/datos.canarias.es\/portal\/wp-json\/wp\/v2\/comments?post=1203"}],"version-history":[{"count":0,"href":"https:\/\/datos.canarias.es\/portal\/wp-json\/wp\/v2\/pages\/1203\/revisions"}],"wp:attachment":[{"href":"https:\/\/datos.canarias.es\/portal\/wp-json\/wp\/v2\/media?parent=1203"}],"curies":[{"name":"wp","href":"https:\/\/api.w.org\/{rel}","templated":true}]}}