{"id":1207,"date":"2020-11-03T14:28:56","date_gmt":"2020-11-03T14:28:56","guid":{"rendered":"https:\/\/pre-datos.canarias.es\/portal\/?page_id=47"},"modified":"2020-11-03T14:28:56","modified_gmt":"2020-11-03T14:28:56","slug":"formatos","status":"publish","type":"page","link":"https:\/\/datos.canarias.es\/portal\/reutilizacion\/formatos\/","title":{"rendered":"Formatos"},"content":{"rendered":"<section class=\"wpb-content-wrapper\"><!-- RS_MODULE_CODE_2.4.4 --><div id=\"readspeaker_button1207\" class=\"rs_skip rsbtn rs_preserve\"><a class=\"rsbtn_play\" title=\"Escucha esta p&aacute;gina utilizando ReadSpeaker\" accesskey=\"L\" href=\"\/\/app-eu.readspeaker.com\/cgi-bin\/rsent?customerid=7294&amp;lang=es_es&amp;readid=rspeak_read_1207&amp;url=https%3A%2F%2Fdatos.canarias.es%2Fportal%2Fwp-json%2Fwp%2Fv2%2Fpages%2F1207\">\r\n        <span class=\"rsbtn_left rsimg rspart\"><span class=\"rsbtn_text\"><span>Escuchar<\/span><\/span><\/span>\r\n        <span class=\"rsbtn_right rsimg rsplay rspart\"><\/span>\r\n        <\/a><\/div><div id=\"rspeak_read_1207\"><p>[vc_row][vc_column][vc_column_text]Cualquier portal de datos abiertos tiene entre sus objetivos principales lograr que la publicaci\u00f3n de sus conjuntos de datos permita reutilizar los mismos de la manera m\u00e1s \u00e1gil y sencilla posible. Para ello, cuanto m\u00e1s estructurados y enriquecidos est\u00e9n los datos, m\u00e1s f\u00e1cil ser\u00e1 lograr ese objetivo.<\/p>\n<p>El uso de formatos est\u00e1ndar abiertos permitir\u00e1 que los datos sean tratados con diversos tipos de herramientas sin necesidad de tener que adquirir licencias de uso.<\/p>\n<p>Los formatos abiertos m\u00e1s comunes y que se tomar\u00e1n como referencia para liberar conjuntos de datos en este portal son:<\/p>\n<ul>\n<li><a title=\"Definici\u00f3n del formato\" href=\"http:\/\/tools.ietf.org\/html\/rfc4180\" target=\"_blank\" rel=\"noopener noreferrer\">CSV<\/a>\u00a0(Comma- Separated Values): es un formato simple para el almacenamiento de datos tabulares en texto plano que se utiliza frecuentemente para el intercambio de informaci\u00f3n entre distintas hojas de c\u00e1lculo que utilizan otros formatos propietarios.<\/li>\n<li><a title=\"Definici\u00f3n del formato\" href=\"https:\/\/es.wikipedia.org\/wiki\/GeoJSON\">GeoJSON (Geographic JavaScript Object Notation)<\/a>: es un formato\u00a0est\u00e1ndar abierto\u00a0dise\u00f1ado para representar elementos geogr\u00e1ficos sencillos, junto con sus atributos no espaciales, basado en\u00a0JavaScript Object Notation.<\/li>\n<li><a title=\"Definici\u00f3n del formato\" href=\"https:\/\/en.wikipedia.org\/wiki\/GeoPackage\">GPKG (GeoPackage)<\/a>: Formato de archivo universal para datos espaciales vectoriales. Es abierto, basado en est\u00e1ndares, e independiente de plataformas o aplicaciones. Se ha construido sobre la base de\u00a0<a title=\"Definici\u00f3n de la base de datos SQLite\" href=\"https:\/\/es.wikipedia.org\/wiki\/SQLite\">SQLite<\/a>.<\/li>\n<li><a title=\"Definici\u00f3n del formato\" href=\"http:\/\/es.wikipedia.org\/wiki\/HTML\" target=\"_blank\" rel=\"noopener noreferrer\">HTML<\/a>\u00a0(HyperText Markup Language): lenguaje utilizado para describir la estructura y el contenido en forma de texto, as\u00ed como para complementar el texto con objetos tales como im\u00e1genes, en la elaboraci\u00f3n de p\u00e1ginas web.<\/li>\n<li><a title=\"Definici\u00f3n del formato\" href=\"http:\/\/json.org\/\" target=\"_blank\" rel=\"noopener noreferrer\">JSON<\/a>\u00a0(JavaScript Object Notation): es un formato utilizado para intercambio de datos, siendo un subconjunto de la notaci\u00f3n literal de objetos de JavaScript, pero independiente de lenguaje. Su empleo evita el uso de XML y se hizo muy popular sobre todo entre desarrollos AJAX.<\/li>\n<li><a title=\"Definici\u00f3n del formato\" href=\"http:\/\/en.wikipedia.org\/wiki\/Keyhole_Markup_Language\" target=\"_blank\" rel=\"noopener noreferrer\">KML<\/a> (Keyhole Markup Language) y <a title=\"Definici\u00f3n del formato\" href=\"http:\/\/en.wikipedia.org\/wiki\/Keyhole_Markup_Language\" target=\"_blank\" rel=\"noopener noreferrer\">KMZ<\/a>\u00a0(Keyhole Markup Language compressed): formato XML para la creaci\u00f3n de modelos y almacenamiento de funciones geogr\u00e1ficas como puntos, l\u00edneas, im\u00e1genes, pol\u00edgonos y modelos. Se emplean principalmente para compartir mapas e informaci\u00f3n geogr\u00e1fica. Es el est\u00e1ndar del Open Geospatial Consortium y puede emplearse a trav\u00e9s de Google Earth. Los ficheros KML habitualmente se distribuyen comprimidos como archivos KMZ.<\/li>\n<li><a title=\"Definici\u00f3n del formato\" href=\"http:\/\/es.wikipedia.org\/wiki\/OpenDocument\" target=\"_blank\" rel=\"noopener noreferrer\">ODS<\/a>\u00a0(OpenDocument Spreadsheet): formato de datos abierto y est\u00e1ndar, se emplea para el almacenamiento de hojas de c\u00e1lculo que muestran informaci\u00f3n en celdas organizadas en filas y columnas. Cada una de esas celdas contiene datos o f\u00f3rmulas con referencias &#8211; relativas o absolutas &#8211; a otras celdas.<\/li>\n<li><a title=\"Definici\u00f3n del formato\" href=\"http:\/\/es.wikipedia.org\/wiki\/PDF\" target=\"_blank\" rel=\"noopener noreferrer\">PDF<\/a>\u00a0(Portable Document Format): formato de tipo compuesto (imagen vectorial, mapa de bits y texto) para el almacenamiento de documentos, desarrollado por la empresa Adobe Systems, muy popular e implementado por diversos fabricantes de software.<\/li>\n<li><a title=\"Definici\u00f3n del formato\" href=\"http:\/\/www.w3.org\/TR\/2004\/REC-rdf-primer-20040210\/\" target=\"_blank\" rel=\"noopener noreferrer\">RDF<\/a>\u00a0(Resource Description Framework): no es un formato en s\u00ed mismo, sino que define un framework de metadatos, como lenguaje para representar la informaci\u00f3n en la web. Es un modelo universal que permite intercambiar y enlazar a trav\u00e9s de diferentes aplicaciones datos y recursos sin que pierdan su significado, lo que facilita la reutilizaci\u00f3n y el enriquecimiento de los recursos en la web. RDF se representa a trav\u00e9s de diversas serializaciones, siendo la m\u00e1s habitual la que emplea la notaci\u00f3n XML\/RDF.<\/li>\n<li><a title=\"Definici\u00f3n del formato\" href=\"http:\/\/en.wikipedia.org\/wiki\/rss\" target=\"_blank\" rel=\"noopener noreferrer\">RSS<\/a>\u00a0(Really Simple Sindication): es un vocabulario que permite la catalogaci\u00f3n de informaci\u00f3n de manera que sea posible encontrar informaci\u00f3n precisa adaptada a las preferencias de los\/as usuarios\/as. Los archivos RSS contienen metadatos sobre fuentes de informaci\u00f3n especificadas por los\/as usuarios\/as cuya funci\u00f3n principal es avisarles de que los recursos que ellos\/as seleccionaron para formar parte de ese RSS fueron actualizados sin necesidad de comprobar directamente la fuente, es decir, notifican de forma autom\u00e1tica cualquier cambio que se realice en esos recursos.<\/li>\n<li><a title=\"Definici\u00f3n del formato\" href=\"https:\/\/es.wikipedia.org\/wiki\/Shapefile\">SHP (Shapefile), \u00a0SHX (Shape Index), DBJ (Base de datos en formato dBASE) y PRJ (Project description)<\/a>: El formato ESRI Shapefile es un formato de archivo inform\u00e1tico propietario de datos espaciales desarrollado por la compa\u00f1\u00eda ESRI, quien crea y comercializa software para Sistemas de Informaci\u00f3n Geogr\u00e1fica como Arc\/Info o ArcGIS.<\/li>\n<li><a title=\"Definici\u00f3n del formato\" href=\"http:\/\/es.wikipedia.org\/wiki\/Simple_Object_Access_Protocol\" target=\"_blank\" rel=\"noopener noreferrer\">SOAP<\/a>\u00a0(Simple Object Access Protocol): es uno de los protocolos abiertos utilizados en los servicios web, definiendo c\u00f3mo dos objetos en diferentes procesos pueden comunicarse intercambiando datos XML.<\/li>\n<li><a title=\"Definici\u00f3n del formato\" href=\"http:\/\/es.wikipedia.org\/wiki\/Web_Feature_Service\" target=\"_blank\" rel=\"noopener noreferrer\">WFS<\/a>\u00a0(Web Feature Service): servicio web que permite interactuar con los mapas servidos por WMS utilizando el lenguaje GML, derivado de XML. Permite recuperar datos vectoriales y la informaci\u00f3n alfanum\u00e9rica ligada a los mismos y realizar consultas tanto espaciales como alfanum\u00e9ricas. Su especificaci\u00f3n est\u00e1 recogida en OGC (Open Geoespatial Consortium).<\/li>\n<li><a title=\"Definici\u00f3n del formato\" href=\"http:\/\/es.wikipedia.org\/wiki\/Web_Map_Service\" target=\"_blank\" rel=\"noopener noreferrer\">WMS<\/a>\u00a0(Web Map Service): servicio web en formato abierto est\u00e1ndar que produce v\u00eda http mapas de datos referenciados espacialmente, de forma din\u00e1mica a partir de informaci\u00f3n geogr\u00e1fica. Su especificaci\u00f3n est\u00e1 recogida en OGC (Open Geoespatial Consortium).<\/li>\n<li><a title=\"Definici\u00f3n del formato\" href=\"http:\/\/www.w3.org\/standards\/xml\/core\" target=\"_blank\" rel=\"noopener noreferrer\">XML<\/a>\u00a0(eXtensible Markup Language): es un metalenguaje extensible de etiquetas, entendido como una manera de definir lenguajes para diferentes necesidades, y particularmente para el intercambio de informaci\u00f3n estructurada entre diferentes plataformas. Describe los datos de forma que, empleando etiquetas, sea posible estructurarlos, tal como lo hace HTML, pero que en este caso no est\u00e1n predefinidas, sino que podemos definir nuevos vocabularios para cubrir nuestras necesidades; por ejemplo, KML (Keyhole Markup Language) para la creaci\u00f3n de modelos y el almacenamiento de funciones geogr\u00e1ficas, que utilizar\u00e1n principalmente en aplicaciones de geoposicionamiento y mapas.<\/li>\n<\/ul>\n<p>Indicar que el listado completo de los formatos admitidos en este portal, que coinciden con los aceptados por el portal de datos abiertos nacional, puede se consultado, y descargado, en el siguiente enlace:\u00a0 <a href=\"https:\/\/datos.gob.es\/sites\/default\/files\/datosgobes\/formatos.csv\" target=\"_blank\" rel=\"noopener\">https:\/\/datos.gob.es\/sites\/default\/files\/datosgobes\/formatos.csv<\/a><\/p>\n<p>[\/vc_column_text][\/vc_column][\/vc_row]<\/p>\n<\/div><\/section>","protected":false},"excerpt":{"rendered":"<!-- RS_MODULE_CODE_2.4.4 --><div id=\"readspeaker_button1207\" class=\"rs_skip rsbtn rs_preserve\"><a class=\"rsbtn_play\" title=\"Escucha esta p&aacute;gina utilizando ReadSpeaker\" accesskey=\"L\" href=\"\/\/app-eu.readspeaker.com\/cgi-bin\/rsent?customerid=7294&amp;lang=es_es&amp;readid=rspeak_read_1207&amp;url=https%3A%2F%2Fdatos.canarias.es%2Fportal%2Fwp-json%2Fwp%2Fv2%2Fpages%2F1207\">\r\n        <span class=\"rsbtn_left rsimg rspart\"><span class=\"rsbtn_text\"><span>Escuchar<\/span><\/span><\/span>\r\n        <span class=\"rsbtn_right rsimg rsplay rspart\"><\/span>\r\n        <\/a><\/div><div id=\"rspeak_read_1207\"><p> [vc_row][vc_column][vc_column_text]Cualquier portal de datos abiertos tiene entre sus objetivos principales lograr que la publicaci\u00f3n de sus conjuntos de datos permita reutilizar los mismos de la manera [&hellip;]<\/p>\n<\/div>","protected":false},"author":4,"featured_media":0,"parent":268,"menu_order":0,"comment_status":"closed","ping_status":"closed","template":"","meta":{"footnotes":""},"_links":{"self":[{"href":"https:\/\/datos.canarias.es\/portal\/wp-json\/wp\/v2\/pages\/1207"}],"collection":[{"href":"https:\/\/datos.canarias.es\/portal\/wp-json\/wp\/v2\/pages"}],"about":[{"href":"https:\/\/datos.canarias.es\/portal\/wp-json\/wp\/v2\/types\/page"}],"author":[{"embeddable":true,"href":"https:\/\/datos.canarias.es\/portal\/wp-json\/wp\/v2\/users\/4"}],"replies":[{"embeddable":true,"href":"https:\/\/datos.canarias.es\/portal\/wp-json\/wp\/v2\/comments?post=1207"}],"version-history":[{"count":0,"href":"https:\/\/datos.canarias.es\/portal\/wp-json\/wp\/v2\/pages\/1207\/revisions"}],"up":[{"embeddable":true,"href":"https:\/\/datos.canarias.es\/portal\/wp-json\/wp\/v2\/pages\/268"}],"wp:attachment":[{"href":"https:\/\/datos.canarias.es\/portal\/wp-json\/wp\/v2\/media?parent=1207"}],"curies":[{"name":"wp","href":"https:\/\/api.w.org\/{rel}","templated":true}]}}