{"id":1208,"date":"2020-11-03T14:29:01","date_gmt":"2020-11-03T14:29:01","guid":{"rendered":"https:\/\/pre-datos.canarias.es\/portal\/?page_id=48"},"modified":"2020-11-03T14:29:01","modified_gmt":"2020-11-03T14:29:01","slug":"fuente-abierta-y-metadatos","status":"publish","type":"page","link":"https:\/\/datos.canarias.es\/portal\/reutilizacion\/fuente-abierta-y-metadatos\/","title":{"rendered":"Fuente abierta y metadatos"},"content":{"rendered":"<section class=\"wpb-content-wrapper\"><!-- RS_MODULE_CODE_2.4.4 --><div id=\"readspeaker_button1208\" class=\"rs_skip rsbtn rs_preserve\"><a class=\"rsbtn_play\" title=\"Escucha esta p&aacute;gina utilizando ReadSpeaker\" accesskey=\"L\" href=\"\/\/app-eu.readspeaker.com\/cgi-bin\/rsent?customerid=7294&amp;lang=es_es&amp;readid=rspeak_read_1208&amp;url=https%3A%2F%2Fdatos.canarias.es%2Fportal%2Fwp-json%2Fwp%2Fv2%2Fpages%2F1208\">\r\n        <span class=\"rsbtn_left rsimg rspart\"><span class=\"rsbtn_text\"><span>Escuchar<\/span><\/span><\/span>\r\n        <span class=\"rsbtn_right rsimg rsplay rspart\"><\/span>\r\n        <\/a><\/div><div id=\"rspeak_read_1208\"><p>[vc_row][vc_column][vc_column_text]<\/p>\n<h2><strong>Fuente abierta<\/strong><\/h2>\n<p>Para el desarrollo del portal se ha usado\u00a0<a title=\"Ir al portal de CKAN\" href=\"https:\/\/ckan.org\/\" target=\"_blank\" rel=\"noopener noreferrer\">CKAN<\/a>. Esta herramienta es de c\u00f3digo abierto y tiene licencia GNU. Entre sus funcionalidades destacan:<\/p>\n<ul>\n<li>Enlazar o subir directamente multitud de conjuntos de datos con diferentes formatos.<\/li>\n<li>Previsualizar el contenido de los conjuntos de datos directamente desde el sitio web sin tener que descargarlo.<\/li>\n<li>Si los conjuntos de datos que subimos tienen coordenadas, visualizarlos en un mapa.<\/li>\n<li>Tener una API REST de los diferentes conjuntos de datos, si estos los subimos en formatos CSV o XLS.<\/li>\n<li>Generar autom\u00e1ticamente archivos RDF que contendr\u00e1n las URIs e informaci\u00f3n pertinente de cada uno de los conjuntos de datos.<\/li>\n<\/ul>\n<h2><strong>Metadatos<\/strong><\/h2>\n<p>Los metadatos son datos que describen los conjuntos de datos y son necesarios para informar a los reutilizadores del contenido del conjunto de datos sin tener que entrar en ellos. Es el mismo concepto de las fichas bibliogr\u00e1ficas de las bibliotecas. Los metadatos son importantes pues facilitan la b\u00fasqueda entre todos los conjuntos de datos del Gobierno de Canarias pero adem\u00e1s al seguir ciertos est\u00e1ndares y normas, se facilita la comprensi\u00f3n a nivel m\u00e1s global, por ejemplo cuando se federan en el portal nacional. Las aplicaciones de cat\u00e1logos de datos abiertos (portales de datos abiertos) ya contemplan que se incluyan metadatos.<\/p>\n<ul>\n<li>El <a title=\"Ir al portal donde explican el est\u00e1ndar DCAT-AP\" href=\"https:\/\/datos.gob.es\/es\/documentacion\/dcat-ap-y-la-norma-tecnica-de-interoperabilidad-de-reutilizacion-de-recursos-de\" target=\"_blank\" rel=\"noopener noreferrer\">est\u00e1ndar DCAT-AP<\/a>, permite la descripci\u00f3n de cat\u00e1logos de conjuntos de datos del sector p\u00fablico en Europa.<\/li>\n<li>La <a title=\"Ir al portal donde explican la Norma T\u00e9cnica de Interoperabilidad de Reutilizaci\u00f3n de Recursos de Informaci\u00f3n\" href=\"https:\/\/datos.gob.es\/es\/documentacion\/norma-tecnica-de-interoperabilidad-de-reutilizacion-de-recursos-de-informacion\" target=\"_blank\" rel=\"noopener noreferrer\">Norma T\u00e9cnica de Interoperabilidad de Reutilizaci\u00f3n de Recursos de Informaci\u00f3n<\/a>, establece las reglas espa\u00f1olas de cat\u00e1logos de datos. Esta Norma incluye las referencias a la aplicaci\u00f3n de DCAT-AP a nivel espa\u00f1ol y adem\u00e1s establece algunos otros par\u00e1metros a cumplir.<\/li>\n<\/ul>\n<p>El portal de datos abiertos del Gobierno de Canarias est\u00e1 federado con <a title=\"Ir al portal de datos abiertos de Espa\u00f1a\" href=\"https:\/\/datos.gob.es\/es\/catalogo?organization=comunidad-autonoma-de-canarias\" target=\"_blank\" rel=\"noopener noreferrer\">datos.gob.es<\/a>.[\/vc_column_text][\/vc_column][\/vc_row]<\/p>\n<\/div><\/section>","protected":false},"excerpt":{"rendered":"<!-- RS_MODULE_CODE_2.4.4 --><div id=\"readspeaker_button1208\" class=\"rs_skip rsbtn rs_preserve\"><a class=\"rsbtn_play\" title=\"Escucha esta p&aacute;gina utilizando ReadSpeaker\" accesskey=\"L\" href=\"\/\/app-eu.readspeaker.com\/cgi-bin\/rsent?customerid=7294&amp;lang=es_es&amp;readid=rspeak_read_1208&amp;url=https%3A%2F%2Fdatos.canarias.es%2Fportal%2Fwp-json%2Fwp%2Fv2%2Fpages%2F1208\">\r\n        <span class=\"rsbtn_left rsimg rspart\"><span class=\"rsbtn_text\"><span>Escuchar<\/span><\/span><\/span>\r\n        <span class=\"rsbtn_right rsimg rsplay rspart\"><\/span>\r\n        <\/a><\/div><div id=\"rspeak_read_1208\"><p> [vc_row][vc_column][vc_column_text] Fuente abierta Para el desarrollo del portal se ha usado\u00a0CKAN. Esta herramienta es de c\u00f3digo abierto y tiene licencia GNU. Entre sus funcionalidades destacan: Enlazar [&hellip;]<\/p>\n<\/div>","protected":false},"author":4,"featured_media":0,"parent":268,"menu_order":0,"comment_status":"closed","ping_status":"closed","template":"","meta":{"footnotes":""},"_links":{"self":[{"href":"https:\/\/datos.canarias.es\/portal\/wp-json\/wp\/v2\/pages\/1208"}],"collection":[{"href":"https:\/\/datos.canarias.es\/portal\/wp-json\/wp\/v2\/pages"}],"about":[{"href":"https:\/\/datos.canarias.es\/portal\/wp-json\/wp\/v2\/types\/page"}],"author":[{"embeddable":true,"href":"https:\/\/datos.canarias.es\/portal\/wp-json\/wp\/v2\/users\/4"}],"replies":[{"embeddable":true,"href":"https:\/\/datos.canarias.es\/portal\/wp-json\/wp\/v2\/comments?post=1208"}],"version-history":[{"count":0,"href":"https:\/\/datos.canarias.es\/portal\/wp-json\/wp\/v2\/pages\/1208\/revisions"}],"up":[{"embeddable":true,"href":"https:\/\/datos.canarias.es\/portal\/wp-json\/wp\/v2\/pages\/268"}],"wp:attachment":[{"href":"https:\/\/datos.canarias.es\/portal\/wp-json\/wp\/v2\/media?parent=1208"}],"curies":[{"name":"wp","href":"https:\/\/api.w.org\/{rel}","templated":true}]}}