{"id":1209,"date":"2020-11-03T14:29:07","date_gmt":"2020-11-03T14:29:07","guid":{"rendered":"https:\/\/pre-datos.canarias.es\/portal\/?page_id=49"},"modified":"2020-11-03T14:29:07","modified_gmt":"2020-11-03T14:29:07","slug":"iniciativas-similares","status":"publish","type":"page","link":"https:\/\/datos.canarias.es\/portal\/formacion\/iniciativas-similares\/","title":{"rendered":"Iniciativas Similares"},"content":{"rendered":"<section class=\"wpb-content-wrapper\"><!-- RS_MODULE_CODE_2.4.4 --><div id=\"readspeaker_button1209\" class=\"rs_skip rsbtn rs_preserve\"><a class=\"rsbtn_play\" title=\"Escucha esta p&aacute;gina utilizando ReadSpeaker\" accesskey=\"L\" href=\"\/\/app-eu.readspeaker.com\/cgi-bin\/rsent?customerid=7294&amp;lang=es_es&amp;readid=rspeak_read_1209&amp;url=https%3A%2F%2Fdatos.canarias.es%2Fportal%2Fwp-json%2Fwp%2Fv2%2Fpages%2F1209\">\r\n        <span class=\"rsbtn_left rsimg rspart\"><span class=\"rsbtn_text\"><span>Escuchar<\/span><\/span><\/span>\r\n        <span class=\"rsbtn_right rsimg rsplay rspart\"><\/span>\r\n        <\/a><\/div><div id=\"rspeak_read_1209\"><p>[vc_row][vc_column][vc_column_text]Existen infinidad de portales de datos abiertos gubernamentales alrededor del mundo.<\/p>\n<p>Comenzando con el de <a title=\"Ir al portal de Datos Abiertos de Espa\u00f1a\" href=\"https:\/\/datos.gob.es\/es\/aplicaciones\" target=\"_blank\" rel=\"noopener noreferrer\">Espa\u00f1a<\/a>, con un numeroso cat\u00e1logo que, a su vez, est\u00e1 federado con el de <a title=\"Ir al portal de Datos Abiertos de Europa\" href=\"https:\/\/data.europa.eu\/es\">Europa<\/a>.<\/p>\n<p>Las referencias para todos los portales son los de <a title=\"Ir al portal de Datos Abiertos de EEUU\" href=\"http:\/\/www.data.gov\/metrics\" target=\"_blank\" rel=\"noopener noreferrer\">EEUU<\/a>\u00a0y el\u00a0<a title=\"Ir al portal de Datos Abiertos de Reino Unido\" href=\"http:\/\/data.gov.uk\/apps\" target=\"_blank\" rel=\"noopener noreferrer\">Reino Unido<\/a>. \u00a1En cada uno de ellos hay m\u00e1s de 300 aplicaciones publicadas!<\/p>\n<p>El c\u00f3digo de los portales de datos abiertos de los\u00a0<a title=\"Ir a GitHub\" href=\"https:\/\/github.com\/GSA\/data.gov\" target=\"_blank\" rel=\"noopener noreferrer\">Estados Unidos<\/a>,\u00a0<a title=\"Ir a GitHub\" href=\"https:\/\/github.com\/datagovuk\/ckan\" target=\"_blank\" rel=\"noopener noreferrer\">Reino Unido<\/a>,\u00a0<a title=\"Ir a GitHub\" href=\"https:\/\/github.com\/mxabierto\" target=\"_blank\" rel=\"noopener noreferrer\">M\u00e9xico<\/a> y ciudades como <a title=\"Ir a GitHub\" href=\"https:\/\/github.com\/damalaga\/ckanext-malaga\" target=\"_blank\" rel=\"noopener noreferrer\">M\u00e1laga<\/a>,\u00a0<a title=\"Ir a GitHub\" href=\"https:\/\/github.com\/gcba\" target=\"_blank\" rel=\"noopener noreferrer\">Buenos Aires<\/a>, entre otros, est\u00e1 disponible de manera gratuita en\u00a0<em><a title=\"Ir a GitHub\" href=\"https:\/\/github.com\/\" target=\"_blank\" rel=\"noopener noreferrer\">GitHub<\/a><\/em>, pudiendo ser usado por cualquier entidad p\u00fablica para dise\u00f1ar y crear su propio portal de datos abiertos.[\/vc_column_text][\/vc_column][\/vc_row]<\/p>\n<\/div><\/section>","protected":false},"excerpt":{"rendered":"<!-- RS_MODULE_CODE_2.4.4 --><div id=\"readspeaker_button1209\" class=\"rs_skip rsbtn rs_preserve\"><a class=\"rsbtn_play\" title=\"Escucha esta p&aacute;gina utilizando ReadSpeaker\" accesskey=\"L\" href=\"\/\/app-eu.readspeaker.com\/cgi-bin\/rsent?customerid=7294&amp;lang=es_es&amp;readid=rspeak_read_1209&amp;url=https%3A%2F%2Fdatos.canarias.es%2Fportal%2Fwp-json%2Fwp%2Fv2%2Fpages%2F1209\">\r\n        <span class=\"rsbtn_left rsimg rspart\"><span class=\"rsbtn_text\"><span>Escuchar<\/span><\/span><\/span>\r\n        <span class=\"rsbtn_right rsimg rsplay rspart\"><\/span>\r\n        <\/a><\/div><div id=\"rspeak_read_1209\"><p> [vc_row][vc_column][vc_column_text]Existen infinidad de portales de datos abiertos gubernamentales alrededor del mundo. Comenzando con el de Espa\u00f1a, con un numeroso cat\u00e1logo que, a su vez, est\u00e1 federado [&hellip;]<\/p>\n<\/div>","protected":false},"author":4,"featured_media":0,"parent":283,"menu_order":0,"comment_status":"closed","ping_status":"closed","template":"","meta":{"footnotes":""},"_links":{"self":[{"href":"https:\/\/datos.canarias.es\/portal\/wp-json\/wp\/v2\/pages\/1209"}],"collection":[{"href":"https:\/\/datos.canarias.es\/portal\/wp-json\/wp\/v2\/pages"}],"about":[{"href":"https:\/\/datos.canarias.es\/portal\/wp-json\/wp\/v2\/types\/page"}],"author":[{"embeddable":true,"href":"https:\/\/datos.canarias.es\/portal\/wp-json\/wp\/v2\/users\/4"}],"replies":[{"embeddable":true,"href":"https:\/\/datos.canarias.es\/portal\/wp-json\/wp\/v2\/comments?post=1209"}],"version-history":[{"count":0,"href":"https:\/\/datos.canarias.es\/portal\/wp-json\/wp\/v2\/pages\/1209\/revisions"}],"up":[{"embeddable":true,"href":"https:\/\/datos.canarias.es\/portal\/wp-json\/wp\/v2\/pages\/283"}],"wp:attachment":[{"href":"https:\/\/datos.canarias.es\/portal\/wp-json\/wp\/v2\/media?parent=1209"}],"curies":[{"name":"wp","href":"https:\/\/api.w.org\/{rel}","templated":true}]}}