{"id":1210,"date":"2020-11-03T14:29:47","date_gmt":"2020-11-03T14:29:47","guid":{"rendered":"https:\/\/pre-datos.canarias.es\/portal\/?page_id=55"},"modified":"2026-03-31T15:07:29","modified_gmt":"2026-03-31T13:07:29","slug":"politica-de-accesibilidad","status":"publish","type":"page","link":"https:\/\/datos.canarias.es\/portal\/politica-de-accesibilidad\/","title":{"rendered":"Accesibilidad"},"content":{"rendered":"<section class=\"wpb-content-wrapper\"><!-- RS_MODULE_CODE_2.4.4 --><div id=\"readspeaker_button1210\" class=\"rs_skip rsbtn rs_preserve\"><a class=\"rsbtn_play\" title=\"Escucha esta p&aacute;gina utilizando ReadSpeaker\" accesskey=\"L\" href=\"\/\/app-eu.readspeaker.com\/cgi-bin\/rsent?customerid=7294&amp;lang=es_es&amp;readid=rspeak_read_1210&amp;url=https%3A%2F%2Fdatos.canarias.es%2Fportal%2Fwp-json%2Fwp%2Fv2%2Fpages%2F1210\">\r\n        <span class=\"rsbtn_left rsimg rspart\"><span class=\"rsbtn_text\"><span>Escuchar<\/span><\/span><\/span>\r\n        <span class=\"rsbtn_right rsimg rsplay rspart\"><\/span>\r\n        <\/a><\/div><div id=\"rspeak_read_1210\"><p>[vc_row][vc_column][vc_column_text]Este portal se ha comprometido a hacer accesible su sitio web de conformidad con el\u00a0<a title=\"Real Decreto 1112\/2018\" href=\"https:\/\/www.boe.es\/diario_boe\/txt.php?id=BOE-A-2018-12699\" target=\"_blank\" rel=\"noopener noreferrer\">Real Decreto 1112\/2018, de 7 de septiembre, sobre accesibilidad de los sitios web y aplicaciones para dispositivos m\u00f3viles del sector p\u00fablico (se abre en una nueva ventana)<\/a>.<\/p>\n<p>La presente declaraci\u00f3n de accesibilidad se aplica al sitio web <a title=\"Ir al inicio\" href=\"https:\/\/datos.canarias.es\/portal\/\">https:\/\/datos.canarias.es\/portal\/<\/a>.<\/p>\n<h2><b>Situaci\u00f3n de cumplimiento<\/b><\/h2>\n<p><span style=\"font-weight: 400;\">Este sitio web es <\/span><b>conforme con el Real Decreto 1112\/2018<\/b><span style=\"font-weight: 400;\">, de 7 de septiembre, sobre accesibilidad de los sitios web y aplicaciones para dispositivos m\u00f3viles del sector p\u00fablico.<\/span><\/p>\n<p><span style=\"font-weight: 400;\">Tras las revisiones realizadas, no se han identificado incumplimientos relevantes de los requisitos de accesibilidad establecidos por las Pautas de Accesibilidad para el Contenido Web (WCAG) 2.1 en su nivel AA, adoptadas como est\u00e1ndar por la normativa vigente.<\/span><\/p>\n<h2><b>Contenido no accesible<\/b><\/h2>\n<p><span style=\"font-weight: 400;\">Actualmente <\/span><b>no se han detectado contenidos que no cumplan con los requisitos de accesibilidad<\/b><span style=\"font-weight: 400;\"> establecidos en el Real Decreto 1112\/2018.<\/span><\/p>\n<p><span style=\"font-weight: 400;\">No obstante, si alg\u00fan usuario detectara alguna barrera de accesibilidad o dificultad para acceder a alg\u00fan contenido, puede comunicarlo a trav\u00e9s de los canales de contacto del sitio web para que pueda ser revisado y corregido a la mayor brevedad posible.<\/span><\/p>\n<div>\n<h2>Preparaci\u00f3n de la presente declaraci\u00f3n de accesibilidad<\/h2>\n<p>La presente declaraci\u00f3n fue preparada el 3 de noviembre de 2020.<\/p>\n<p>El m\u00e9todo empleado para preparar la declaraci\u00f3n ha sido una autoevaluaci\u00f3n llevada a cabo por el propio organismo a ra\u00edz de un informe emitido por el\u00a0<a title=\"Portal de Administraci\u00f3n Electr\u00f3nica (PAe)\" href=\"https:\/\/administracionelectronica.gob.es\/pae_Home\/\" target=\"_blank\" rel=\"noopener noreferrer\">Portal de Administraci\u00f3n Electr\u00f3nica de la Secretar\u00eda General de Administraci\u00f3n Digital del Ministerio de Pol\u00edtica Territorial y Funci\u00f3n P\u00fablica (se abre en nueva ventana).<\/a><\/p>\n<p>\u00daltima revisi\u00f3n de la declaraci\u00f3n: 31 de marzo de 2026.<\/p>\n<\/div>\n<div>\n<h2>Observaciones y datos de contacto<\/h2>\n<p>Puede realizar comunicaciones sobre requisitos de accesibilidad (art\u00edculo 10.2.a) del RD 1112\/2018) como por ejemplo:<\/p>\n<ul>\n<li>informar sobre cualquier posible incumplimiento por parte de este sitio web.<\/li>\n<li>transmitir otras dificultades de acceso al contenido.<\/li>\n<li>formular cualquier otra consulta o sugerencia de mejora relativa a la accesibilidad del sitio web.<\/li>\n<\/ul>\n<p>A trav\u00e9s del siguiente correo\u00a0<a title=\"Enviar correo\" href=\"mailto:accesibilidad@gobiernodecanarias.org\">accesibilidad@gobiernodecanarias.org<\/a>, o de manera presencial en la\u00a0<a title=\"Ir al portal de OCIAC\" href=\"https:\/\/www.gobiernodecanarias.org\/siac\/presencial\/oficina\/\">Oficina Canaria de Informaci\u00f3n y Atenci\u00f3n Ciudadana<\/a>.<\/p>\n<p>Las comunicaciones ser\u00e1n recibidas y tratadas por la Direcci\u00f3n General de Modernizaci\u00f3n y Calidad de los Servicios.<\/p>\n<\/div>\n<div>\n<h2>Procedimiento de reclamaci\u00f3n<\/h2>\n<p>El procedimiento de reclamaci\u00f3n recogido en el art\u00edculo 13 del RD 1112\/2018 entrar\u00e1 en vigor el 20 de septiembre de 2020.<\/p>\n<\/div>\n<div>\n<h2>Contenido opcional<\/h2>\n<p>En esta web se han adoptado una serie de medidas cuyo objetivo es mejorar la accesibilidad. Las ventajas que esto conlleva son, entre otras:<\/p>\n<ul>\n<li>Facilitar el acceso de las personas independientemente de su condici\u00f3n f\u00edsica o de su entorno.<\/li>\n<li>Permitir el acceso con diferentes agentes de usuario.<\/li>\n<li>Incluir contenidos claros y bien estructurados.<\/li>\n<li>Mejorar la navegaci\u00f3n y la experiencia del usuario.<\/li>\n<\/ul>\n<p>Entre las medidas adoptadas:<\/p>\n<ul>\n<li>Orden l\u00f3gico de presentaci\u00f3n de los elementos en pantalla y de los contenidos en el c\u00f3digo.<\/li>\n<li>Uso de los est\u00e1ndares del W3C.<\/li>\n<li>Gram\u00e1tica XHTML 1.0 y CSS 2.<\/li>\n<li>Pautas de Accesibilidad para el Contenido Web (WCAG nivel AA).<\/li>\n<\/ul>\n<h3><strong>Navegaci\u00f3n<\/strong><\/h3>\n<p>Para facilitar la navegaci\u00f3n, todos los documentos del sitio mantienen una estructura similar en la que se incluyen los mismos elementos.<\/p>\n<h3><strong>Lector de contenido<\/strong><\/h3>\n<p>Este portal dispone de un servicio de audio contenidos que facilita el acceso a la informaci\u00f3n por parte de usuarios con dificultades para su lectura en pantalla.<\/p>\n<p>Con esta herramienta se facilita el acceso a la informaci\u00f3n, incorporando el formato audio para acceder a los contenidos.<\/p>\n<p>El servicio cuenta con algunas caracter\u00edsticas personalizables:<\/p>\n<ul>\n<li>El texto se destaca mientras est\u00e1 siendo le\u00eddo, reforzando as\u00ed su comprensi\u00f3n.<\/li>\n<li>Permite modificar la velocidad de lectura y la forma en la que se resalta el texto: frase por frase, o bien palabra por palabra.<\/li>\n<li>Se puede seleccionar parte del texto, para escuchar s\u00f3lo determinados contenidos de la p\u00e1gina.<\/li>\n<li>Permite descargar el audio generado en formato mp3.<\/li>\n<\/ul>\n<h3><strong>Dise\u00f1o y maquetaci\u00f3n<\/strong><\/h3>\n<p>El dise\u00f1o y maquetaci\u00f3n del portal se ha desarrollado teniendo presentes las Pautas de Accesibilidad para el Contenido Web ( WCAG 1.0) que afectan directamente a esta parte del desarrollo:<\/p>\n<ul>\n<li>Separaci\u00f3n de contenido y presentaci\u00f3n mediante hojas de estilo.<\/li>\n<li>Uso de unidades relativas (permiten redimensi\u00f3n de texto y dise\u00f1os fluidos).<\/li>\n<li>Control de contraste de colores.<\/li>\n<\/ul>\n<h3><strong>Migas de pan<\/strong><\/h3>\n<p>En todos los documentos del sitio se encuentra presente el mecanismo conocido como Migas de pan. Su propio es situar al usuario en el contexto del portal, indicando una posible ruta desde la p\u00e1gina principal al documento actual.<\/p>\n<h3><strong>Informaci\u00f3n del documento<\/strong><\/h3>\n<p>Asimismo, en la parte final de todos los documentos se incluye acceso a la pol\u00edtica de privacidad y aspectos legales que afectan de forma directa a los contenidos publicados.<\/p>\n<h3><strong>Atajos de teclado<\/strong><\/h3>\n<p>Se proporciona acceso a las principales secciones y utilidades del portal mediante atajos teclado.<\/p>\n<ul>\n<li><strong>Men\u00fa superior<\/strong>\n<ul>\n<li>P\u00e1gina inicial del portal [i]<\/li>\n<li>Datos [2]<\/li>\n<li>Reutilizaci\u00f3n [3]<\/li>\n<li>Formaci\u00f3n [4]<\/li>\n<li>Acerca de [5]<\/li>\n<\/ul>\n<\/li>\n<li><strong>Men\u00fa Inferior<\/strong>\n<ul>\n<li>Contacto\n<ul>\n<li>Formulario de contacto [c]<\/li>\n<li>Formulario de sugerencias [s]<\/li>\n<\/ul>\n<\/li>\n<li>Pol\u00edticas\n<ul>\n<li>Aviso legal [g]<\/li>\n<li>Privacidad y cookies [p]<\/li>\n<li>Pol\u00edtica de accesibilidad [a]<\/li>\n<li>Mapa del sitio [m]<\/li>\n<\/ul>\n<\/li>\n<\/ul>\n<\/li>\n<\/ul>\n<p>El uso de las teclas de acceso viene condicionado por el navegador:<\/p>\n<ul>\n<li>Internet Explorer 6 o superiores: ALT + Tecla de acceso r\u00e1pido + Tecla ENTER<\/li>\n<li>Mozilla Firefox 2.0 o superiores: ALT + MAYUSCULAS + Tecla de acceso r\u00e1pido (configuraci\u00f3n &#8211; avanzada en navegador con dos teclas)<\/li>\n<li>Opera: Tecla May\u00fasculas + Esc para activar las teclas de acceso r\u00e1pido<\/li>\n<li>MacOS: CONTROL + Tecla de acceso r\u00e1pido.<\/li>\n<li>Chrome: ALT + Tecla de acceso r\u00e1pido.<\/li>\n<\/ul>\n<h3>Cambio de tama\u00f1o y color de letra<\/h3>\n<p>Este portal est\u00e1 dise\u00f1ado para poder cambiar el tama\u00f1o del texto y el color, as\u00ed como el fondo de la p\u00e1gina mediante las opciones de configuraci\u00f3n est\u00e1ndar de los navegadores.<\/p>\n<p>Si desea cambiar el tama\u00f1o de letra del texto en los principales navegadores gr\u00e1ficos utilice los siguientes men\u00fas:<\/p>\n<ul type=\"disc\">\n<li>Internet Explorer, Mozilla y Firefox: Ver &gt; Tama\u00f1o del texto<\/li>\n<li>Opera: Ver &gt; Zoom<\/li>\n<li>Safari: Ver &gt; Hacer el texto m\u00e1s grande<\/li>\n<li>Chrome: Controla la p\u00e1gina actual &gt; Tama\u00f1o del texto<\/li>\n<li>Para modificar el tama\u00f1o de todo en la p\u00e1gina:\n<ul type=\"circle\">\n<li>Ctrl + + para aumentarlo<\/li>\n<li>Ctrl + &#8211; para disminuirlo<\/li>\n<li>Ctrl + 0 restaura el tama\u00f1o original del texto<\/li>\n<li>Si lo que quiere es anular la hoja de estilos o modificar el color del texto, puede consultar la p\u00e1gina\u00a0<a class=\"link-accesibilidad\" title=\"C\u00f3mo cambiar el tama\u00f1o y colores del texto\" href=\"https:\/\/translate.google.com\/translate?sl=en&amp;tl=es&amp;u=https%3A%2F%2Fwww.w3.org%2FWAI%2Fmeta%2Fcustomize%2F\">How to Change Text Size or Colors de la WAI<\/a><\/li>\n<\/ul>\n<\/li>\n<\/ul>\n<\/div>\n<p>[\/vc_column_text][\/vc_column][\/vc_row]<\/p>\n<\/div><\/section>","protected":false},"excerpt":{"rendered":"<!-- RS_MODULE_CODE_2.4.4 --><div id=\"readspeaker_button1210\" class=\"rs_skip rsbtn rs_preserve\"><a class=\"rsbtn_play\" title=\"Escucha esta p&aacute;gina utilizando ReadSpeaker\" accesskey=\"L\" href=\"\/\/app-eu.readspeaker.com\/cgi-bin\/rsent?customerid=7294&amp;lang=es_es&amp;readid=rspeak_read_1210&amp;url=https%3A%2F%2Fdatos.canarias.es%2Fportal%2Fwp-json%2Fwp%2Fv2%2Fpages%2F1210\">\r\n        <span class=\"rsbtn_left rsimg rspart\"><span class=\"rsbtn_text\"><span>Escuchar<\/span><\/span><\/span>\r\n        <span class=\"rsbtn_right rsimg rsplay rspart\"><\/span>\r\n        <\/a><\/div><div id=\"rspeak_read_1210\"><p> [vc_row][vc_column][vc_column_text]Este portal se ha comprometido a hacer accesible su sitio web de conformidad con el\u00a0Real Decreto 1112\/2018, de 7 de septiembre, sobre accesibilidad de los sitios [&hellip;]<\/p>\n<\/div>","protected":false},"author":4,"featured_media":0,"parent":0,"menu_order":0,"comment_status":"closed","ping_status":"closed","template":"","meta":{"footnotes":""},"_links":{"self":[{"href":"https:\/\/datos.canarias.es\/portal\/wp-json\/wp\/v2\/pages\/1210"}],"collection":[{"href":"https:\/\/datos.canarias.es\/portal\/wp-json\/wp\/v2\/pages"}],"about":[{"href":"https:\/\/datos.canarias.es\/portal\/wp-json\/wp\/v2\/types\/page"}],"author":[{"embeddable":true,"href":"https:\/\/datos.canarias.es\/portal\/wp-json\/wp\/v2\/users\/4"}],"replies":[{"embeddable":true,"href":"https:\/\/datos.canarias.es\/portal\/wp-json\/wp\/v2\/comments?post=1210"}],"version-history":[{"count":2,"href":"https:\/\/datos.canarias.es\/portal\/wp-json\/wp\/v2\/pages\/1210\/revisions"}],"predecessor-version":[{"id":1679,"href":"https:\/\/datos.canarias.es\/portal\/wp-json\/wp\/v2\/pages\/1210\/revisions\/1679"}],"wp:attachment":[{"href":"https:\/\/datos.canarias.es\/portal\/wp-json\/wp\/v2\/media?parent=1210"}],"curies":[{"name":"wp","href":"https:\/\/api.w.org\/{rel}","templated":true}]}}