{"id":1212,"date":"2020-11-03T14:30:22","date_gmt":"2020-11-03T14:30:22","guid":{"rendered":"https:\/\/pre-datos.canarias.es\/portal\/?page_id=59"},"modified":"2023-08-21T13:42:42","modified_gmt":"2023-08-21T11:42:42","slug":"retos","status":"publish","type":"page","link":"https:\/\/datos.canarias.es\/portal\/reutilizacion\/retos\/","title":{"rendered":"Retos"},"content":{"rendered":"<section class=\"wpb-content-wrapper\"><!-- RS_MODULE_CODE_2.4.4 --><div id=\"readspeaker_button1212\" class=\"rs_skip rsbtn rs_preserve\"><a class=\"rsbtn_play\" title=\"Escucha esta p&aacute;gina utilizando ReadSpeaker\" accesskey=\"L\" href=\"\/\/app-eu.readspeaker.com\/cgi-bin\/rsent?customerid=7294&amp;lang=es_es&amp;readid=rspeak_read_1212&amp;url=https%3A%2F%2Fdatos.canarias.es%2Fportal%2Fwp-json%2Fwp%2Fv2%2Fpages%2F1212\">\r\n        <span class=\"rsbtn_left rsimg rspart\"><span class=\"rsbtn_text\"><span>Escuchar<\/span><\/span><\/span>\r\n        <span class=\"rsbtn_right rsimg rsplay rspart\"><\/span>\r\n        <\/a><\/div><div id=\"rspeak_read_1212\"><p>[vc_row][vc_column][vc_column_text]La mejor evidencia de que la liberaci\u00f3n de datos en crudo est\u00e1 aportando valor a la sociedad es la reutilizaci\u00f3n de los mismos.<\/p>\n<p>Para fomentar el desarrollo de aplicaciones y servicios que hagan uso de los conjuntos de datos liberados, el Gobierno de Canarias lanzar\u00e1, de manera frecuente, una serie de retos para que la comunidad de desarrolladores y reutilizadores plantee soluciones a los mismos.<\/p>\n<p>Estos retos tendr\u00e1n asociados una serie de recompensas para los desarrolladores o reutilizados que planteen la mejor soluci\u00f3n a dichos retos.<\/p>\n<h2>Proyectos relacionados<\/h2>\n<p>Adem\u00e1s de los retos, bajo el paraguas de la iniciativa de Datos Abiertos de Canarias se han realizado acciones y proyectos puntuales que fomentan y ejemplifican el uso de datos abiertos.[\/vc_column_text][vc_basic_grid post_type=&#8221;portfolio&#8221; max_items=&#8221;10&#8243; grid_id=&#8221;vc_gid:1692618140268-c72f8801-2379-4&#8243; taxonomies=&#8221;77&#8243;][\/vc_column][\/vc_row]<\/p>\n<\/div><\/section>","protected":false},"excerpt":{"rendered":"<!-- RS_MODULE_CODE_2.4.4 --><div id=\"readspeaker_button1212\" class=\"rs_skip rsbtn rs_preserve\"><a class=\"rsbtn_play\" title=\"Escucha esta p&aacute;gina utilizando ReadSpeaker\" accesskey=\"L\" href=\"\/\/app-eu.readspeaker.com\/cgi-bin\/rsent?customerid=7294&amp;lang=es_es&amp;readid=rspeak_read_1212&amp;url=https%3A%2F%2Fdatos.canarias.es%2Fportal%2Fwp-json%2Fwp%2Fv2%2Fpages%2F1212\">\r\n        <span class=\"rsbtn_left rsimg rspart\"><span class=\"rsbtn_text\"><span>Escuchar<\/span><\/span><\/span>\r\n        <span class=\"rsbtn_right rsimg rsplay rspart\"><\/span>\r\n        <\/a><\/div><div id=\"rspeak_read_1212\"><p> [vc_row][vc_column][vc_column_text]La mejor evidencia de que la liberaci\u00f3n de datos en crudo est\u00e1 aportando valor a la sociedad es la reutilizaci\u00f3n de los mismos. Para fomentar el [&hellip;]<\/p>\n<\/div>","protected":false},"author":4,"featured_media":0,"parent":268,"menu_order":0,"comment_status":"closed","ping_status":"closed","template":"","meta":{"footnotes":""},"_links":{"self":[{"href":"https:\/\/datos.canarias.es\/portal\/wp-json\/wp\/v2\/pages\/1212"}],"collection":[{"href":"https:\/\/datos.canarias.es\/portal\/wp-json\/wp\/v2\/pages"}],"about":[{"href":"https:\/\/datos.canarias.es\/portal\/wp-json\/wp\/v2\/types\/page"}],"author":[{"embeddable":true,"href":"https:\/\/datos.canarias.es\/portal\/wp-json\/wp\/v2\/users\/4"}],"replies":[{"embeddable":true,"href":"https:\/\/datos.canarias.es\/portal\/wp-json\/wp\/v2\/comments?post=1212"}],"version-history":[{"count":2,"href":"https:\/\/datos.canarias.es\/portal\/wp-json\/wp\/v2\/pages\/1212\/revisions"}],"predecessor-version":[{"id":1479,"href":"https:\/\/datos.canarias.es\/portal\/wp-json\/wp\/v2\/pages\/1212\/revisions\/1479"}],"up":[{"embeddable":true,"href":"https:\/\/datos.canarias.es\/portal\/wp-json\/wp\/v2\/pages\/268"}],"wp:attachment":[{"href":"https:\/\/datos.canarias.es\/portal\/wp-json\/wp\/v2\/media?parent=1212"}],"curies":[{"name":"wp","href":"https:\/\/api.w.org\/{rel}","templated":true}]}}