{"id":1213,"date":"2022-08-08T08:16:35","date_gmt":"2022-08-08T08:16:35","guid":{"rendered":"https:\/\/datos.canarias.es\/portal\/?page_id=1193"},"modified":"2026-03-04T16:41:56","modified_gmt":"2026-03-04T15:41:56","slug":"catalogos","status":"publish","type":"page","link":"https:\/\/datos.canarias.es\/portal\/reutilizacion\/catalogos\/","title":{"rendered":"Cat\u00e1logos"},"content":{"rendered":"<!-- RS_MODULE_CODE_2.4.4 --><div id=\"readspeaker_button1213\" class=\"rs_skip rsbtn rs_preserve\"><a class=\"rsbtn_play\" title=\"Escucha esta p&aacute;gina utilizando ReadSpeaker\" accesskey=\"L\" href=\"\/\/app-eu.readspeaker.com\/cgi-bin\/rsent?customerid=7294&amp;lang=es_es&amp;readid=rspeak_read_1213&amp;url=https%3A%2F%2Fdatos.canarias.es%2Fportal%2Fwp-json%2Fwp%2Fv2%2Fpages%2F1213\">\r\n        <span class=\"rsbtn_left rsimg rspart\"><span class=\"rsbtn_text\"><span>Escuchar<\/span><\/span><\/span>\r\n        <span class=\"rsbtn_right rsimg rsplay rspart\"><\/span>\r\n        <\/a><\/div><div id=\"rspeak_read_1213\">\n<p>En este apartado puede consultar las URL de todos los cat\u00e1logos que se encuentran integrados en\u00a0<a href=\"http:\/\/datos.canarias.es\/\" target=\"_blank\" rel=\"noreferrer noopener\">datos.canarias.es<\/a>.<\/p>\n\n\n\n<p>Todos estos cat\u00e1logos se difunden mediante ficheros RDF que siguen el est\u00e1ndar <a href=\"https:\/\/www.w3.org\/TR\/vocab-dcat-2\/\">DCAT<\/a>.<\/p>\n\n\n\n<p>DCAT (Data Catalog Vocabulary) es un vocabualrio del W3C, creado precisamente para facilitar la interoperabilidad entre cat\u00e1logos de datos publicados en la web. DCAT permite disponer de un vocabulario de propiedades que posibilita describir cat\u00e1logos y recursos de informaci\u00f3n.<\/p>\n\n\n\n<p>Los cat\u00e1logos RDF pueden estar paginados cuando contienen una cantidad significativa de conjuntos de datos, de este modo se facilita su manejo y se permite una consulta m\u00e1s eficiente.<\/p>\n\n\n\n<p>Para la paginaci\u00f3n se utiliza Hydra, un vocabulario de Linked Data, el cual divide el cat\u00e1logo en p\u00e1ginas de tama\u00f1o uniforme, simplificando la navegaci\u00f3n y la recuperaci\u00f3n de la informaci\u00f3n para los usuarios y las aplicaciones, lo que permite mejorar la administraci\u00f3n de recursos y reducir la carga de procesamiento al acceder al cat\u00e1logo paginado en lugar de cargar todos los datos a la vez.<\/p>\n\n\n\n<p>Para conocer la cantidad de conjuntos de datos por p\u00e1gina, cantidad total de p\u00e1ginas y la p\u00e1gina actual, se deber\u00e1 de buscar dentro del fichero por la etiqueta &#8216;hydra&#8217;.<\/p>\n\n\n\n<p><\/p>\n\n\n\n<figure class=\"wp-block-table is-style-stripes\"><table><thead><tr><th>CAT\u00c1LOGO<\/th><th>URL<\/th><\/tr><\/thead><tbody><tr><td>General <\/td><td><a rel=\"noreferrer noopener\" href=\"https:\/\/datos.canarias.es\/catalogos\/general\/catalog\/gobcan.rdf\" target=\"_blank\">https:\/\/datos.canarias.es\/catalogos\/general\/catalog\/gobcan.rdf<\/a><\/td><\/tr><tr><td>Estad\u00edsticas<\/td><td><a rel=\"noreferrer noopener\" href=\"https:\/\/datos.canarias.es\/catalogos\/estadisticas\/dcat\/catalog.rdf\" target=\"_blank\">https:\/\/datos.canarias.es\/catalogos\/estadisticas\/dcat\/catalog.rdf<\/a><\/td><\/tr><tr><td>Territorial<\/td><td><a rel=\"noreferrer noopener\" href=\"https:\/\/opendata.sitcan.es\/catalog.rdf\" target=\"_blank\">https:\/\/opendata.sitcan.es\/catalog.rdf<\/a><\/td><\/tr><\/tbody><\/table><\/figure>\n<\/div>","protected":false},"excerpt":{"rendered":"<!-- RS_MODULE_CODE_2.4.4 --><div id=\"readspeaker_button1213\" class=\"rs_skip rsbtn rs_preserve\"><a class=\"rsbtn_play\" title=\"Escucha esta p&aacute;gina utilizando ReadSpeaker\" accesskey=\"L\" href=\"\/\/app-eu.readspeaker.com\/cgi-bin\/rsent?customerid=7294&amp;lang=es_es&amp;readid=rspeak_read_1213&amp;url=https%3A%2F%2Fdatos.canarias.es%2Fportal%2Fwp-json%2Fwp%2Fv2%2Fpages%2F1213\">\r\n        <span class=\"rsbtn_left rsimg rspart\"><span class=\"rsbtn_text\"><span>Escuchar<\/span><\/span><\/span>\r\n        <span class=\"rsbtn_right rsimg rsplay rspart\"><\/span>\r\n        <\/a><\/div><div id=\"rspeak_read_1213\"><p> En este apartado puede consultar las URL de todos los cat\u00e1logos que se encuentran integrados en\u00a0datos.canarias.es. Todos estos cat\u00e1logos se difunden mediante ficheros RDF que siguen [&hellip;]<\/p>\n<\/div>","protected":false},"author":4,"featured_media":0,"parent":268,"menu_order":0,"comment_status":"closed","ping_status":"closed","template":"","meta":{"footnotes":""},"_links":{"self":[{"href":"https:\/\/datos.canarias.es\/portal\/wp-json\/wp\/v2\/pages\/1213"}],"collection":[{"href":"https:\/\/datos.canarias.es\/portal\/wp-json\/wp\/v2\/pages"}],"about":[{"href":"https:\/\/datos.canarias.es\/portal\/wp-json\/wp\/v2\/types\/page"}],"author":[{"embeddable":true,"href":"https:\/\/datos.canarias.es\/portal\/wp-json\/wp\/v2\/users\/4"}],"replies":[{"embeddable":true,"href":"https:\/\/datos.canarias.es\/portal\/wp-json\/wp\/v2\/comments?post=1213"}],"version-history":[{"count":2,"href":"https:\/\/datos.canarias.es\/portal\/wp-json\/wp\/v2\/pages\/1213\/revisions"}],"predecessor-version":[{"id":1675,"href":"https:\/\/datos.canarias.es\/portal\/wp-json\/wp\/v2\/pages\/1213\/revisions\/1675"}],"up":[{"embeddable":true,"href":"https:\/\/datos.canarias.es\/portal\/wp-json\/wp\/v2\/pages\/268"}],"wp:attachment":[{"href":"https:\/\/datos.canarias.es\/portal\/wp-json\/wp\/v2\/media?parent=1213"}],"curies":[{"name":"wp","href":"https:\/\/api.w.org\/{rel}","templated":true}]}}